{"id":34,"date":"2017-01-20T11:10:58","date_gmt":"2017-01-20T10:10:58","guid":{"rendered":"http:\/\/huntersmapp.com\/?page_id=34"},"modified":"2019-09-12T08:54:42","modified_gmt":"2019-09-12T06:54:42","slug":"messenger","status":"publish","type":"page","link":"https:\/\/huntersmapp.com\/fr\/kommunikation\/messenger\/","title":{"rendered":"Messager"},"content":{"rendered":"<p>[vc_row][vc_column width=&#8221;5\/12&#8243;][vc_column_text]<\/p>\n<h1><strong>Messenger<\/strong><\/h1>\n<p>Selon vous : y-a-t-il un meilleur moyen de susciter l\u2019enthousiasme de quelqu\u2019un que par la communication directe ? Notre messenger chasse vous offre de nombreuses fonctions pour la communication entre amis chasseurs &#8230;.<\/p>\n<h3>Les points forts du messenger en bref :<\/h3>\n<ul>\n<li>Chattez avec vos amis chasseurs \u00e0 votre guise via le chat HuntersMapp<\/li>\n<li>Envoyez des textes, territoires de chasse, entr\u00e9es d&#8217;agenda de chasse, images et donn\u00e9es GPS \u00e0 des personnes sp\u00e9cifiques, \u00e0 d\u2019autres passionn\u00e9s de la chasse ou \u00e0 des groupes entiers.<\/li>\n<li>Le r\u00e9pertoire int\u00e9gr\u00e9 dans le messenger affiche tous vos amis chasseurs ayant install\u00e9s la HuntersMapp sur leur portable.<\/li>\n<\/ul>\n<p>Pour ce qui est de vos amis chasseurs n\u2019ayant pas encore install\u00e9s la HuntersMapp sur leur portable, invitez-les \u00e0 t\u00e9l\u00e9charger le viewer gratuit qui leur permet de chatter et d\u2019utiliser d\u2019autres fonctions gratuites.<\/p>\n<p><strong>Voici comment fonctionne la communication par messenger :<\/strong><\/p>\n<ul>\n<li>Communication via les r\u00e9seaux publics (t\u00e9l\u00e9phone, Internet)<\/li>\n<li>Communication sans r\u00e9seaux publics\n<ul>\n<li>via\u00a0<a href=\"http:\/\/huntersmapp.com\/kommunikation\/peer-to-peer\/\">peer-to-peer<\/a> sans mat\u00e9riel suppl\u00e9mentaire (port\u00e9e r\u00e9duite)<\/li>\n<li>via\u00a0<a href=\"http:\/\/huntersmapp.com\/kommunikation\/peer-to-peer\/\">peer-to-peer<\/a> avec mat\u00e9riel suppl\u00e9mentaire (port\u00e9e maxi de jusqu\u2019\u00e0 5 km)<\/li>\n<\/ul>\n<\/li>\n<\/ul>\n<p>[\/vc_column_text][\/vc_column][vc_column width=&#8221;7\/12&#8243;][vc_images_carousel images=&#8221;585,1352,1353&#8243; img_size=&#8221;large&#8221; autoplay=&#8221;yes&#8221; wrap=&#8221;yes&#8221;][\/vc_column][\/vc_row]<\/p>","protected":false},"excerpt":{"rendered":"<p>[vc_row][vc_column width=&#8221;5\/12&#8243;][vc_column_text] Messenger Selon vous : y-a-t-il un meilleur moyen de susciter l\u2019enthousiasme de quelqu\u2019un que par la communication directe ? Notre messenger chasse vous offre de nombreuses fonctions pour la communication entre amis chasseurs &#8230;. Les points forts du messenger en bref : Chattez avec vos amis chasseurs \u00e0 votre guise via le chat [&hellip;]<\/p>\n","protected":false},"author":1,"featured_media":0,"parent":28,"menu_order":1,"comment_status":"closed","ping_status":"closed","template":"","meta":[],"_links":{"self":[{"href":"https:\/\/huntersmapp.com\/fr\/wp-json\/wp\/v2\/pages\/34"}],"collection":[{"href":"https:\/\/huntersmapp.com\/fr\/wp-json\/wp\/v2\/pages"}],"about":[{"href":"https:\/\/huntersmapp.com\/fr\/wp-json\/wp\/v2\/types\/page"}],"author":[{"embeddable":true,"href":"https:\/\/huntersmapp.com\/fr\/wp-json\/wp\/v2\/users\/1"}],"replies":[{"embeddable":true,"href":"https:\/\/huntersmapp.com\/fr\/wp-json\/wp\/v2\/comments?post=34"}],"version-history":[{"count":51,"href":"https:\/\/huntersmapp.com\/fr\/wp-json\/wp\/v2\/pages\/34\/revisions"}],"predecessor-version":[{"id":2594,"href":"https:\/\/huntersmapp.com\/fr\/wp-json\/wp\/v2\/pages\/34\/revisions\/2594"}],"up":[{"embeddable":true,"href":"https:\/\/huntersmapp.com\/fr\/wp-json\/wp\/v2\/pages\/28"}],"wp:attachment":[{"href":"https:\/\/huntersmapp.com\/fr\/wp-json\/wp\/v2\/media?parent=34"}],"curies":[{"name":"wp","href":"https:\/\/api.w.org\/{rel}","templated":true}]}}