{"id":375,"date":"2017-02-27T14:43:54","date_gmt":"2017-02-27T13:43:54","guid":{"rendered":"http:\/\/huntersmapp.com\/?page_id=375"},"modified":"2019-01-28T14:55:15","modified_gmt":"2019-01-28T13:55:15","slug":"impressum","status":"publish","type":"page","link":"https:\/\/huntersmapp.com\/fr\/impressum\/","title":{"rendered":"Mentions l\u00e9gales"},"content":{"rendered":"<p>[vc_row][vc_column width=&#8221;5\/12&#8243;][vc_column_text]<\/p>\n<h1>Mentions l\u00e9gales<\/h1>\n<p><strong>Outlander LB GmbH<\/strong><br \/>\nBirketweg 12<br \/>\n85290 Geisenfeld<br \/>\nAllemagne<\/p>\n<p>T\u00e9l\u00e9phone : +49 (0) 8452-7338620<br \/>\nE-mail : Info@Outlander-LB.com<\/p>\n<p>G\u00e9rants : Lechner, Alexander<br \/>\nRegistre du commerce : Tribunal d\u2019instance Ingolstadt HRB 8132<br \/>\nNum\u00e9ro TVA intracommunautaire : DE310268475[\/vc_column_text][\/vc_column][vc_column width=&#8221;7\/12&#8243;][vc_row_inner][vc_column_inner offset=&#8221;vc_hidden-xs&#8221;][vc_empty_space height=&#8221;100px&#8221;][\/vc_column_inner][\/vc_row_inner][vc_row_inner][vc_column_inner width=&#8221;1\/12&#8243;][\/vc_column_inner][vc_column_inner width=&#8221;10\/12&#8243;][vc_single_image image=&#8221;935&#8243; img_size=&#8221;large&#8221; onclick=&#8221;custom_link&#8221; img_link_target=&#8221;_blank&#8221; link=&#8221;http:\/\/www.outlander-lb.com\/index.php?lang=fr&#8221;][\/vc_column_inner][vc_column_inner width=&#8221;1\/12&#8243;][\/vc_column_inner][\/vc_row_inner][\/vc_column][\/vc_row]<\/p>","protected":false},"excerpt":{"rendered":"<p>[vc_row][vc_column width=&#8221;5\/12&#8243;][vc_column_text] Mentions l\u00e9gales Outlander LB GmbH Birketweg 12 85290 Geisenfeld Allemagne T\u00e9l\u00e9phone : +49 (0) 8452-7338620 E-mail : Info@Outlander-LB.com G\u00e9rants : Lechner, Alexander Registre du commerce : Tribunal d\u2019instance Ingolstadt HRB 8132 Num\u00e9ro TVA intracommunautaire : DE310268475[\/vc_column_text][\/vc_column][vc_column width=&#8221;7\/12&#8243;][vc_row_inner][vc_column_inner offset=&#8221;vc_hidden-xs&#8221;][vc_empty_space height=&#8221;100px&#8221;][\/vc_column_inner][\/vc_row_inner][vc_row_inner][vc_column_inner width=&#8221;1\/12&#8243;][\/vc_column_inner][vc_column_inner width=&#8221;10\/12&#8243;][vc_single_image image=&#8221;935&#8243; img_size=&#8221;large&#8221; onclick=&#8221;custom_link&#8221; img_link_target=&#8221;_blank&#8221; link=&#8221;http:\/\/www.outlander-lb.com\/index.php?lang=fr&#8221;][\/vc_column_inner][vc_column_inner width=&#8221;1\/12&#8243;][\/vc_column_inner][\/vc_row_inner][\/vc_column][\/vc_row]<\/p>\n","protected":false},"author":1,"featured_media":0,"parent":0,"menu_order":0,"comment_status":"closed","ping_status":"closed","template":"","meta":[],"_links":{"self":[{"href":"https:\/\/huntersmapp.com\/fr\/wp-json\/wp\/v2\/pages\/375"}],"collection":[{"href":"https:\/\/huntersmapp.com\/fr\/wp-json\/wp\/v2\/pages"}],"about":[{"href":"https:\/\/huntersmapp.com\/fr\/wp-json\/wp\/v2\/types\/page"}],"author":[{"embeddable":true,"href":"https:\/\/huntersmapp.com\/fr\/wp-json\/wp\/v2\/users\/1"}],"replies":[{"embeddable":true,"href":"https:\/\/huntersmapp.com\/fr\/wp-json\/wp\/v2\/comments?post=375"}],"version-history":[{"count":26,"href":"https:\/\/huntersmapp.com\/fr\/wp-json\/wp\/v2\/pages\/375\/revisions"}],"predecessor-version":[{"id":2139,"href":"https:\/\/huntersmapp.com\/fr\/wp-json\/wp\/v2\/pages\/375\/revisions\/2139"}],"wp:attachment":[{"href":"https:\/\/huntersmapp.com\/fr\/wp-json\/wp\/v2\/media?parent=375"}],"curies":[{"name":"wp","href":"https:\/\/api.w.org\/{rel}","templated":true}]}}