{"id":384,"date":"2017-03-01T17:11:27","date_gmt":"2017-03-01T16:11:27","guid":{"rendered":"http:\/\/huntersmapp.com\/?page_id=384"},"modified":"2019-01-28T15:01:03","modified_gmt":"2019-01-28T14:01:03","slug":"nutzungsbedingungen","status":"publish","type":"page","link":"https:\/\/huntersmapp.com\/fr\/nutzungsbedingungen\/","title":{"rendered":"Conditions d\u2019utilisation"},"content":{"rendered":"<p>[vc_row][vc_column][vc_column_text]<\/p>\n<h1>Conditions d\u2019utilisation Outlander LB<\/h1>\n<p><strong>\u00a7 1. Utilisation<\/strong><\/p>\n<p>(1) Outlander LB GmbH, Birketweg 12, 85290 Geisenfeld, (d\u00e9sign\u00e9 ci-apr\u00e8s \u00ab Outlander LB \u00bb) g\u00e8re des pages d\u2019information sur Internet sous huntersmapp.com relatives au d\u00e9veloppement, \u00e0 la production et la commercialisation d\u2019articles outdoor et d\u2019applications outdoor pour appareils mobiles et fixes.<\/p>\n<p>(2) Sur ces pages, de nombreuses informations concernant les sujets susmentionn\u00e9s sont mises \u00e0 la disposition de l\u2019utilisateur pour consultation.<\/p>\n<p><strong>\u00a7 2. Contact et enregistrement<\/strong><\/p>\n<p>(1) Lorsque et dans la mesure o\u00f9 l\u2019utilisateur fournit des informations dans le cadre d\u2019une prise de contact ou d\u2019une \u00e9ventuelle possibilit\u00e9 d\u2019enregistrement, il est tenu de fournir des informations exactes et claires notamment sur son identit\u00e9. En cas d\u2019une \u00e9ventuelle modification des donn\u00e9es communiqu\u00e9es, celle-ci sera signal\u00e9e sans d\u00e9lai \u00e0 Outlander LB.<\/p>\n<p>(2) Si l\u2019enregistrement requiert la saisie d\u2019un nom d\u2019utilisateur et d\u2019un mot de passe, ces donn\u00e9es seront trait\u00e9es de mani\u00e8re confidentielle et ne pourront en aucun cas \u00eatre divulgu\u00e9es \u00e0 des tiers. En cas d\u2019infraction par le fait de tiers, la responsabilit\u00e9 de l\u2019utilisateur sera engag\u00e9e dans la mesure o\u00f9 ladite infraction lui est imputable. Lorsqu\u2019un membre prend connaissance de l\u2019utilisation non autoris\u00e9e de ses donn\u00e9es d\u2019acc\u00e8s, il en informera imm\u00e9diatement Outlander LB.<\/p>\n<p><strong>\u00a7 3. Contenus mis \u00e0 disposition par les membres<\/strong><\/p>\n<p>(1) Si et dans la mesure o\u00f9 Outlander LB offre aux membres la possibilit\u00e9 de mettre en ligne leurs propres contenus (p.ex. dans le cadre d\u2019un livre d\u2019h\u00f4tes), les paragraphes ci-apr\u00e8s seront d\u2019application.<\/p>\n<p>(2) Il n\u2019existe aucun droit \u00e0 la publication d\u2019un contenu sp\u00e9cifique sur Outlander LB. Outlander LB se r\u00e9serve le droit d\u2019effacer des messages de ses pages.<\/p>\n<p>(3) Tout utilisateur qui publie des contenus sur les pages d\u2019Outlander LB est tenu d\u2019observer la n\u00e9tiquette, c\u2019est-\u00e0-dire les r\u00e8gles de conduite et de politesse \u00e0 adopter pour la communication virtuelle. Il est notamment interdit aux membres de publier les contenus suivants : toute information par laquelle d\u2019autres utilisateurs sont invit\u00e9s \u00e0 retransmettre des envois boule de neige ou d\u2019autres messages hoax ; toute information \u00e0 caract\u00e8re purement publicitaire pour un usage commercial ; tout message publi\u00e9 dans le but de collecter ou utiliser des informations consommateur \u00e0 des fins commerciales ; tout message volontairement mensonger, d\u00e9shonorant, d\u00e9nigrant, diffamant, choquant et immoral ou pornographique, ou bien constituant une autre infraction de quelque nature que ce soit ; tout message susceptible de nuire ou porter atteinte \u00e0 d\u2019autres utilisateurs ou \u00e0 Outlander LB par des virus ou des programmes informatiques similaires ; tout message constituant une violation des droits de tiers, tels que droits d\u2019auteur, de brevet et de marque ; les membres sont donc responsables de veiller \u00e0 d\u00e9tenir les droits n\u00e9cessaires pour pouvoir publier ces contenus.<\/p>\n<p><strong>\u00a7 4. Responsabilit\u00e9 d\u2019Outlander LB<\/strong><\/p>\n<p>(1) Tout utilisateur mettant en ligne un contenu en est seul responsable. Outlander LB n\u2019adopte pas les propos tenus dans ces publications et d\u00e9cline toute responsabilit\u00e9 concernant leur exactitude.<\/p>\n<p>(2) \u00c0 l\u2019\u00e9gard de tiers, la responsabilit\u00e9 d\u2019Outlander LB dans le cadre de sa responsabilit\u00e9 l\u00e9gale ne pourra \u00eatre engag\u00e9e pour toute publication de tiers que si Outlander LB a connaissance du contenu de ces publications et s&#8217;il lui est techniquement possible et raisonnablement envisageable d\u2019effacer le contenu incrimin\u00e9.<\/p>\n<p><strong>\u00a7 5. Protection des donn\u00e9es<\/strong><\/p>\n<p>Les consignes d\u2019Outlander LB en mati\u00e8re de protection de donn\u00e9es sont d&#8217;application.<\/p>\n<p><strong>\u00a7 6. Droit d\u2019auteur<\/strong><\/p>\n<p>Les contenus et ouvrages figurant sur les pages d\u2019Outlander LB sont prot\u00e9g\u00e9s par le droit d\u2019auteur allemand. Toute utilisation, reproduction, exploitation et diffusion n\u00e9cessite syst\u00e9matiquement le consentement du d\u00e9tenteur du droit.<\/p>\n<p><strong>\u00a7 7. Responsabilit\u00e9<\/strong><\/p>\n<p>(1) Pour ce qui est des fautes l\u00e9g\u00e8res, Outlander LB n&#8217;est responsable qu\u2019en cas de violation d\u2019obligations contractuelles principales, sa responsabilit\u00e9 \u00e9tant limit\u00e9e au dommage pr\u00e9visible. Cette limitation n&#8217;est pas applicable en cas d\u2019atteinte \u00e0 la vie, \u00e0 l&#8217;int\u00e9grit\u00e9 physique ou \u00e0 la sant\u00e9, ni en cas de responsabilit\u00e9 sans faute imp\u00e9rative conform\u00e9ment \u00e0 la loi.<\/p>\n<p>(2) La responsabilit\u00e9 personnelle des repr\u00e9sentants l\u00e9gaux, des auxiliaires d\u2019ex\u00e9cution et du personnel d\u2019Outlander LB pour les dommages qu\u2019ils causeraient par faute l\u00e9g\u00e8re est exclue.<\/p>\n<p>(3) Outlander LB n&#8217;assume aucune responsabilit\u00e9 quant \u00e0 l\u2019exactitude des informations sur les produits et services pr\u00e9sent\u00e9s dans des publicit\u00e9s dans le cadre de banni\u00e8res publicitaires et autres.<\/p>\n<p><strong>\u00a7 8. Droit applicable, juridiction<\/strong><\/p>\n<p>(1) L\u2019utilisation des pages web d\u2019Outlander LB est exclusivement soumise au droit de la R\u00e9publique f\u00e9d\u00e9rale d\u2019Allemagne.<\/p>\n<p>(2) Si l\u2019utilisateur est un commer\u00e7ant, une personne morale du droit public ou un \u00e9tablissement de droit public, le si\u00e8ge d\u2019Outlander LB sera la juridiction comp\u00e9tente pour tous les litiges r\u00e9sultant de l\u2019utilisation des pages web. Il en est de m\u00eame si l\u2019utilisateur n\u2019a pas de lieu de juridiction en Allemagne ou si son lieu de r\u00e9sidence ou de s\u00e9jour habituel n&#8217;est pas connu \u00e0 la date de l&#8217;introduction de l&#8217;instance. L\u2019habilitation de saisir tout autre tribunal comp\u00e9tent n\u2019est pas concern\u00e9e par cette disposition.[\/vc_column_text][\/vc_column][\/vc_row]<\/p>","protected":false},"excerpt":{"rendered":"<p>[vc_row][vc_column][vc_column_text] Conditions d\u2019utilisation Outlander LB \u00a7 1. Utilisation (1) Outlander LB GmbH, Birketweg 12, 85290 Geisenfeld, (d\u00e9sign\u00e9 ci-apr\u00e8s \u00ab Outlander LB \u00bb) g\u00e8re des pages d\u2019information sur Internet sous huntersmapp.com relatives au d\u00e9veloppement, \u00e0 la production et la commercialisation d\u2019articles outdoor et d\u2019applications outdoor pour appareils mobiles et fixes. (2) Sur ces pages, de nombreuses [&hellip;]<\/p>\n","protected":false},"author":4,"featured_media":0,"parent":0,"menu_order":0,"comment_status":"closed","ping_status":"closed","template":"","meta":[],"_links":{"self":[{"href":"https:\/\/huntersmapp.com\/fr\/wp-json\/wp\/v2\/pages\/384"}],"collection":[{"href":"https:\/\/huntersmapp.com\/fr\/wp-json\/wp\/v2\/pages"}],"about":[{"href":"https:\/\/huntersmapp.com\/fr\/wp-json\/wp\/v2\/types\/page"}],"author":[{"embeddable":true,"href":"https:\/\/huntersmapp.com\/fr\/wp-json\/wp\/v2\/users\/4"}],"replies":[{"embeddable":true,"href":"https:\/\/huntersmapp.com\/fr\/wp-json\/wp\/v2\/comments?post=384"}],"version-history":[{"count":17,"href":"https:\/\/huntersmapp.com\/fr\/wp-json\/wp\/v2\/pages\/384\/revisions"}],"predecessor-version":[{"id":2140,"href":"https:\/\/huntersmapp.com\/fr\/wp-json\/wp\/v2\/pages\/384\/revisions\/2140"}],"wp:attachment":[{"href":"https:\/\/huntersmapp.com\/fr\/wp-json\/wp\/v2\/media?parent=384"}],"curies":[{"name":"wp","href":"https:\/\/api.w.org\/{rel}","templated":true}]}}