{"id":42,"date":"2017-01-20T15:51:30","date_gmt":"2017-01-20T14:51:30","guid":{"rendered":"http:\/\/huntersmapp.com\/?page_id=42"},"modified":"2018-07-20T11:44:48","modified_gmt":"2018-07-20T09:44:48","slug":"revier","status":"publish","type":"page","link":"https:\/\/huntersmapp.com\/fr\/revier\/","title":{"rendered":"Domaine de chasse"},"content":{"rendered":"<p>[vc_row][vc_column width=&#8221;5\/12&#8243;][vc_column_text]<\/p>\n<h1>Territoire de chasse<\/h1>\n<p>Peu importe si vous \u00eates propri\u00e9taire d\u2019une chasse priv\u00e9e, copropri\u00e9taire d\u2019une chasse collective ou de territoires partiels, ne d\u00e9finissez non seulement les <a href=\"http:\/\/huntersmapp.com\/revier\/reviergrenzen\/\">limites du territoire<\/a>, mais \u00e9galement les <a href=\"http:\/\/huntersmapp.com\/revier\/jagdeinrichtungen\/\">installations cyn\u00e9g\u00e9tiques<\/a>.<\/p>\n<ul>\n<li>Compl\u00e9tez votre carte du territoire de chasse par les <a href=\"http:\/\/huntersmapp.com\/revier\/poi\/\">Points of Interrest (POI)<\/a>\u00a0(points d\u2019int\u00e9r\u00eat) tels que pierres \u00e0 sel, affouragements, agrainages, cam\u00e9ras de surveillance ou toute autre chose que vous souhaitez saisir.<\/li>\n<li>Apr\u00e8s avoir cr\u00e9\u00e9 la carte du territoire de chasse, invitez vos <a href=\"http:\/\/huntersmapp.com\/revier\/jagdfreunde\/\">amis chasseurs<\/a> \u00e0 joindre votre groupe pour chatter avec vous.<\/li>\n<\/ul>\n<p><strong>Votre avantage :<\/strong>\u00a0toutes les informations peuvent \u00eatre partag\u00e9es avec vos amis chasseurs qui sont ainsi toujours \u00e0 la pointe de l\u2019actualit\u00e9. Pas besoin d&#8217;entr\u00e9es multiples ![\/vc_column_text][\/vc_column][vc_column width=&#8221;7\/12&#8243;][vc_single_image image=&#8221;1131&#8243; img_size=&#8221;large&#8221;][\/vc_column][\/vc_row]<\/p>","protected":false},"excerpt":{"rendered":"<p>[vc_row][vc_column width=&#8221;5\/12&#8243;][vc_column_text] Territoire de chasse Peu importe si vous \u00eates propri\u00e9taire d\u2019une chasse priv\u00e9e, copropri\u00e9taire d\u2019une chasse collective ou de territoires partiels, ne d\u00e9finissez non seulement les limites du territoire, mais \u00e9galement les installations cyn\u00e9g\u00e9tiques. Compl\u00e9tez votre carte du territoire de chasse par les Points of Interrest (POI)\u00a0(points d\u2019int\u00e9r\u00eat) tels que pierres \u00e0 sel, affouragements, [&hellip;]<\/p>\n","protected":false},"author":1,"featured_media":0,"parent":0,"menu_order":3,"comment_status":"closed","ping_status":"closed","template":"","meta":[],"_links":{"self":[{"href":"https:\/\/huntersmapp.com\/fr\/wp-json\/wp\/v2\/pages\/42"}],"collection":[{"href":"https:\/\/huntersmapp.com\/fr\/wp-json\/wp\/v2\/pages"}],"about":[{"href":"https:\/\/huntersmapp.com\/fr\/wp-json\/wp\/v2\/types\/page"}],"author":[{"embeddable":true,"href":"https:\/\/huntersmapp.com\/fr\/wp-json\/wp\/v2\/users\/1"}],"replies":[{"embeddable":true,"href":"https:\/\/huntersmapp.com\/fr\/wp-json\/wp\/v2\/comments?post=42"}],"version-history":[{"count":36,"href":"https:\/\/huntersmapp.com\/fr\/wp-json\/wp\/v2\/pages\/42\/revisions"}],"predecessor-version":[{"id":1849,"href":"https:\/\/huntersmapp.com\/fr\/wp-json\/wp\/v2\/pages\/42\/revisions\/1849"}],"wp:attachment":[{"href":"https:\/\/huntersmapp.com\/fr\/wp-json\/wp\/v2\/media?parent=42"}],"curies":[{"name":"wp","href":"https:\/\/api.w.org\/{rel}","templated":true}]}}