{"id":48,"date":"2017-01-20T16:00:26","date_gmt":"2017-01-20T15:00:26","guid":{"rendered":"http:\/\/huntersmapp.com\/?page_id=48"},"modified":"2019-09-12T09:52:48","modified_gmt":"2019-09-12T07:52:48","slug":"reviergrenzen","status":"publish","type":"page","link":"https:\/\/huntersmapp.com\/fr\/revier\/reviergrenzen\/","title":{"rendered":"Limites du territoire"},"content":{"rendered":"<p>[vc_row][vc_column width=&#8221;5\/12&#8243;][vc_column_text]<\/p>\n<h1>Limites du territoire<\/h1>\n<p>Le chasseur exp\u00e9riment\u00e9 conna\u00eet le souffle et la cadence de la nature et, bien s\u00fbr, son territoire. Mais chacun de nous a d\u00e9j\u00e0 fait l\u2019exp\u00e9rience d\u2019\u00eatre nouveau ou invit\u00e9 dans un territoire \u00e9tranger. C\u2019est l\u00e0 que le module \u00ab\u00a0territoire\u00a0\u00bb de la HuntersMapp entre en jeu !<\/p>\n<h3>Points forts du module \u00ab\u00a0territoire\u00a0\u00bb :<\/h3>\n<ul>\n<li>Enregistrement et m\u00e9morisation \u00a0<strong>d\u2019un nombre infini de territoires.<\/strong><\/li>\n<li><strong>Repr\u00e9sentation claire<\/strong>\u00a0moyennant vues satellite.<\/li>\n<li>Placement convivial des points en cliquant sur la carte.<\/li>\n<li>Les points plac\u00e9s sont automatiquement reli\u00e9s en polygone.<\/li>\n<li><strong>Id\u00e9al pour l\u2019inspection du territoire :<\/strong>\u00a0sur votre t\u00e9l\u00e9phone portable, vous pouvez \u00e9galement utiliser la fonction GPS pour placer les diff\u00e9rents points.<\/li>\n<li>T\u00e9l\u00e9chargez \u00a0<strong>les cartes du territoire de chasse<\/strong>\u00a0dans toutes les r\u00e9solutions sur votre t\u00e9l\u00e9phone portable afin de pouvoir y recourir m\u00eame <strong>hors ligne<\/strong> (sans connexion Internet).<\/li>\n<\/ul>\n<p><strong>Une s\u00e9curit\u00e9 pour vous :<\/strong>\u00a0vous avez mal plac\u00e9 un point par m\u00e9garde ? &#8211; Aucun souci ! Effacez tout simplement le dernier point plac\u00e9 et replacez-le. Copiez votre territoire afin de pouvoir recourir \u00e0 la <strong>copie de sauvegarde<\/strong> en cas d\u2019effacement involontaire.[\/vc_column_text][\/vc_column][vc_column width=&#8221;7\/12&#8243;][vc_single_image image=&#8221;599&#8243; img_size=&#8221;large&#8221;][\/vc_column][\/vc_row]<\/p>","protected":false},"excerpt":{"rendered":"<p>[vc_row][vc_column width=&#8221;5\/12&#8243;][vc_column_text] Limites du territoire Le chasseur exp\u00e9riment\u00e9 conna\u00eet le souffle et la cadence de la nature et, bien s\u00fbr, son territoire. Mais chacun de nous a d\u00e9j\u00e0 fait l\u2019exp\u00e9rience d\u2019\u00eatre nouveau ou invit\u00e9 dans un territoire \u00e9tranger. C\u2019est l\u00e0 que le module \u00ab\u00a0territoire\u00a0\u00bb de la HuntersMapp entre en jeu ! Points forts du module [&hellip;]<\/p>\n","protected":false},"author":1,"featured_media":0,"parent":42,"menu_order":1,"comment_status":"closed","ping_status":"closed","template":"","meta":[],"_links":{"self":[{"href":"https:\/\/huntersmapp.com\/fr\/wp-json\/wp\/v2\/pages\/48"}],"collection":[{"href":"https:\/\/huntersmapp.com\/fr\/wp-json\/wp\/v2\/pages"}],"about":[{"href":"https:\/\/huntersmapp.com\/fr\/wp-json\/wp\/v2\/types\/page"}],"author":[{"embeddable":true,"href":"https:\/\/huntersmapp.com\/fr\/wp-json\/wp\/v2\/users\/1"}],"replies":[{"embeddable":true,"href":"https:\/\/huntersmapp.com\/fr\/wp-json\/wp\/v2\/comments?post=48"}],"version-history":[{"count":42,"href":"https:\/\/huntersmapp.com\/fr\/wp-json\/wp\/v2\/pages\/48\/revisions"}],"predecessor-version":[{"id":2614,"href":"https:\/\/huntersmapp.com\/fr\/wp-json\/wp\/v2\/pages\/48\/revisions\/2614"}],"up":[{"embeddable":true,"href":"https:\/\/huntersmapp.com\/fr\/wp-json\/wp\/v2\/pages\/42"}],"wp:attachment":[{"href":"https:\/\/huntersmapp.com\/fr\/wp-json\/wp\/v2\/media?parent=48"}],"curies":[{"name":"wp","href":"https:\/\/api.w.org\/{rel}","templated":true}]}}