{"id":829,"date":"2017-06-05T15:38:27","date_gmt":"2017-06-05T13:38:27","guid":{"rendered":"http:\/\/huntersmapp.com\/?page_id=829"},"modified":"2019-09-12T09:26:01","modified_gmt":"2019-09-12T07:26:01","slug":"viewer","status":"publish","type":"page","link":"https:\/\/huntersmapp.com\/fr\/versionen\/viewer\/","title":{"rendered":"Viewer HuntersMapp (gratuit)"},"content":{"rendered":"<p>[vc_row][vc_column width=&#8221;5\/12&#8243;][vc_column_text]<\/p>\n<h1>Viewer HuntersMapp (gratuit)<\/h1>\n<p>Le viewer de la HuntersMapp comprend les fonctions suivantes :<\/p>\n<ul>\n<li><strong>ACTUALIT\u00c9S :\u00a0<\/strong>Recevez les derni\u00e8res infos sur la chasse, entre autres de la part des f\u00e9d\u00e9rations de chasse et d\u2019armes internationales.<\/li>\n<li><strong>MESSENGER (utilisation restreinte) :<\/strong>\u00a0Chattez \u00e0 votre guise, cr\u00e9ez des groupes de chat, envoyez des images* et coordonn\u00e9es GPS. Participez \u00e0 des chasses HuntersMapp et affichez tous les chasseurs HuntersMapp &#8211; traqueurs, conducteurs de chien de sang, etc. &#8211; sur l\u2019image en direct de la carte du territoire de chasse avec leurs positions actuelles. Pour toutes les autres fonctions telles que la communication peer-to-peer, la r\u00e9alit\u00e9 augment\u00e9e, partager les territoires de chasse avec d\u2019autres chasseurs, planifier et organiser ses propres chasses etc. vous avez besoin de la version Pro de la HuntersMapp.<\/li>\n<li><strong>S.O.S. :<\/strong>\u00a0En cas de besoin, lancez un appel d\u2019urgence au groupe de chasseurs ou utilisez la fonction S.O.S. de la HuntersMapp afin de joindre le poste de secours le plus proche \u00e0 l\u2019int\u00e9rieur de l\u2019UE et dans d\u2019autres pays europ\u00e9ens. Si le r\u00e9seau de votre t\u00e9l\u00e9phone portable est hors port\u00e9e, la connexion au poste de secours se fait automatiquement par un \u00ab\u00a0r\u00e9seau \u00e9tranger\u00a0\u00bb.<\/li>\n<li><strong>ACOMPTE :<\/strong>\u00a0Votre propre acompte avec nom, photo etc.<\/li>\n<\/ul>\n<p>*Dans la version gratuite, les images ne sont pas sauvegard\u00e9es sur le serveur HuntersMapp ![\/vc_column_text][\/vc_column][vc_column width=&#8221;7\/12&#8243;][vc_single_image image=&#8221;849&#8243; img_size=&#8221;large&#8221;][\/vc_column][\/vc_row]<\/p>","protected":false},"excerpt":{"rendered":"<p>[vc_row][vc_column width=&#8221;5\/12&#8243;][vc_column_text] Viewer HuntersMapp (gratuit) Le viewer de la HuntersMapp comprend les fonctions suivantes : ACTUALIT\u00c9S :\u00a0Recevez les derni\u00e8res infos sur la chasse, entre autres de la part des f\u00e9d\u00e9rations de chasse et d\u2019armes internationales. MESSENGER (utilisation restreinte) :\u00a0Chattez \u00e0 votre guise, cr\u00e9ez des groupes de chat, envoyez des images* et coordonn\u00e9es GPS. Participez \u00e0 [&hellip;]<\/p>\n","protected":false},"author":4,"featured_media":0,"parent":214,"menu_order":2,"comment_status":"closed","ping_status":"closed","template":"","meta":[],"_links":{"self":[{"href":"https:\/\/huntersmapp.com\/fr\/wp-json\/wp\/v2\/pages\/829"}],"collection":[{"href":"https:\/\/huntersmapp.com\/fr\/wp-json\/wp\/v2\/pages"}],"about":[{"href":"https:\/\/huntersmapp.com\/fr\/wp-json\/wp\/v2\/types\/page"}],"author":[{"embeddable":true,"href":"https:\/\/huntersmapp.com\/fr\/wp-json\/wp\/v2\/users\/4"}],"replies":[{"embeddable":true,"href":"https:\/\/huntersmapp.com\/fr\/wp-json\/wp\/v2\/comments?post=829"}],"version-history":[{"count":31,"href":"https:\/\/huntersmapp.com\/fr\/wp-json\/wp\/v2\/pages\/829\/revisions"}],"predecessor-version":[{"id":2602,"href":"https:\/\/huntersmapp.com\/fr\/wp-json\/wp\/v2\/pages\/829\/revisions\/2602"}],"up":[{"embeddable":true,"href":"https:\/\/huntersmapp.com\/fr\/wp-json\/wp\/v2\/pages\/214"}],"wp:attachment":[{"href":"https:\/\/huntersmapp.com\/fr\/wp-json\/wp\/v2\/media?parent=829"}],"curies":[{"name":"wp","href":"https:\/\/api.w.org\/{rel}","templated":true}]}}