{"id":831,"date":"2017-06-05T15:38:18","date_gmt":"2017-06-05T13:38:18","guid":{"rendered":"http:\/\/huntersmapp.com\/?page_id=831"},"modified":"2020-07-06T10:42:31","modified_gmt":"2020-07-06T08:42:31","slug":"huntersmapp-pro","status":"publish","type":"page","link":"https:\/\/huntersmapp.com\/fr\/versionen\/huntersmapp-pro\/","title":{"rendered":"HuntersMapp Pro"},"content":{"rendered":"<p>[vc_row][vc_column width=&#8221;5\/12&#8243;][vc_column_text]<\/p>\n<h1>HuntersMapp Pro<\/h1>\n<p>Les prix de lancement seront hauss\u00e9s aux prix normaux \u00e0 la mi-novembre 2018 (voir ci-dessous).<\/p>\n<p>Chaque pays peut diff\u00e9rer des prix suivants !<\/p>\n<p>&nbsp;<\/p>\n<p>Prix du HuntersMapp Pro<\/p>\n<p style=\"padding-left: 30px;\"><strong>0,00 EUR \u00a0 MOIS D&#8217;ESSAI GRATUIT<\/strong><\/p>\n<p style=\"padding-left: 30px;\">Choisissez l&#8217;abonnement annuel pour 11,99 EUR et l&#8217;abonnement payant ne d\u00e9marre qu&#8217;apr\u00e8s un mois d&#8217;essai gratuit. Si vous n&#8217;aimez pas HuntersMapp, annulez simplement votre abonnement annuel au moins 24 heures avant la fin de la p\u00e9riode d&#8217;essai !<\/p>\n<p style=\"padding-left: 30px;\"><strong>11,99 EUR* pour un abonnement annuel\u00a0(un mois de test est gratuit)<\/strong><\/p>\n<p style=\"padding-left: 30px;\">Testez la version int\u00e9grale de la HuntersMapp \u00e0 petit prix ! Si, par la suite, l\u2019application vous a convaincu, achetez tout simplement la version illimit\u00e9e dans le temps de la HuntersMapp !<\/p>\n<p style=\"padding-left: 30px;\"><strong>34,99 EUR pour l\u2019utilisation illimit\u00e9e dans le temps<\/strong><\/p>\n<p style=\"padding-left: 30px;\">Ici, vous pouvez acqu\u00e9rir imm\u00e9diatement la version int\u00e9grale illimit\u00e9e dans le temps de la HuntersMapp. Toutes les futures actualisations sont comprises. Laissez-vous surprendre et d\u00e9couvrez ce que nous vous r\u00e9servons !<\/p>\n<p>*Vous pouvez facilement r\u00e9silier votre abonnement \u00e0 tout moment. S\u00e9lectionnez le point \u00ab Abonnement \u00bb dans le menu de la HuntersMapp et tapez sur \u00ab D\u00e9sabonnement \u00bb.[\/vc_column_text][\/vc_column][vc_column width=&#8221;7\/12&#8243;][vc_single_image image=&#8221;853&#8243; img_size=&#8221;large&#8221;][\/vc_column][\/vc_row]<\/p>","protected":false},"excerpt":{"rendered":"<p>[vc_row][vc_column width=&#8221;5\/12&#8243;][vc_column_text] HuntersMapp Pro Les prix de lancement seront hauss\u00e9s aux prix normaux \u00e0 la mi-novembre 2018 (voir ci-dessous). Chaque pays peut diff\u00e9rer des prix suivants ! &nbsp; Prix du HuntersMapp Pro 0,00 EUR \u00a0 MOIS D&#8217;ESSAI GRATUIT Choisissez l&#8217;abonnement annuel pour 11,99 EUR et l&#8217;abonnement payant ne d\u00e9marre qu&#8217;apr\u00e8s un mois d&#8217;essai gratuit. Si [&hellip;]<\/p>\n","protected":false},"author":4,"featured_media":0,"parent":214,"menu_order":1,"comment_status":"closed","ping_status":"closed","template":"","meta":[],"_links":{"self":[{"href":"https:\/\/huntersmapp.com\/fr\/wp-json\/wp\/v2\/pages\/831"}],"collection":[{"href":"https:\/\/huntersmapp.com\/fr\/wp-json\/wp\/v2\/pages"}],"about":[{"href":"https:\/\/huntersmapp.com\/fr\/wp-json\/wp\/v2\/types\/page"}],"author":[{"embeddable":true,"href":"https:\/\/huntersmapp.com\/fr\/wp-json\/wp\/v2\/users\/4"}],"replies":[{"embeddable":true,"href":"https:\/\/huntersmapp.com\/fr\/wp-json\/wp\/v2\/comments?post=831"}],"version-history":[{"count":43,"href":"https:\/\/huntersmapp.com\/fr\/wp-json\/wp\/v2\/pages\/831\/revisions"}],"predecessor-version":[{"id":2834,"href":"https:\/\/huntersmapp.com\/fr\/wp-json\/wp\/v2\/pages\/831\/revisions\/2834"}],"up":[{"embeddable":true,"href":"https:\/\/huntersmapp.com\/fr\/wp-json\/wp\/v2\/pages\/214"}],"wp:attachment":[{"href":"https:\/\/huntersmapp.com\/fr\/wp-json\/wp\/v2\/media?parent=831"}],"curies":[{"name":"wp","href":"https:\/\/api.w.org\/{rel}","templated":true}]}}