{"id":112,"date":"2017-01-25T11:39:40","date_gmt":"2017-01-25T10:39:40","guid":{"rendered":"http:\/\/huntersmapp.com\/?page_id=112"},"modified":"2019-09-12T08:47:30","modified_gmt":"2019-09-12T06:47:30","slug":"jagdfreunde","status":"publish","type":"page","link":"https:\/\/huntersmapp.com\/it\/revier\/jagdfreunde\/","title":{"rendered":"Amici cacciatore"},"content":{"rendered":"<p>[vc_row][vc_column width=&#8221;5\/12&#8243;][vc_column_text]<\/p>\n<h1>Amici cacciatore<\/h1>\n<p>Che ne sarebbe della cosa pi\u00f9 bella del mondo senza delle persone con cui condividerla?<\/p>\n<p>Basta creare una nuova chat che includa i compagni con cui si desidera cacciare all&#8217;interno del distretto, quindi condividere tutte le informazioni all\u2019interno della chat di gruppo.<\/p>\n<h3>Highlight per i amici cacciatori di:<\/h3>\n<ul>\n<li>Un nuovo distretto o nuove poste ovvero lo spostamento di scale o palchi da caccia devono essere rilevati da un unico cacciatore di area, il quale ne dar\u00e0 quindi comunicazione al resto del gruppo. In questo modo si evitano doppioni!<\/li>\n<li>I compagni di caccia (destinatari) riceveranno nella chat una notifica che segnala l\u2019aggiornamento del distretto e la possibilit\u00e0 di acquisire i nuovi dati\u00a0\u2013 pi\u00f9 semplice e comodo di cos\u00ec non si pu\u00f2!<\/li>\n<li>Volete organizzare una posta condivisa o una battuta di caccia? Nessun problema! Basta copiare il distretto esistente, assegnargli un nome (ad es. &#8220;Posta condivisa del 25.05.2017, ore 19:00, distretto Oberlauterbach&#8221; e modificare i dati di distretto in base alle proprie preferenze. \u00c8 possibile cancellare o aggiungere nuove poste oppure creare sulla mappa un punto di ritrovo completo di tutti i dettagli, come data, ora o altre indicazioni. Condividete quindi il distretto aggiornato con gli altri partecipanti alla caccia. In questo modo tutti conosceranno in anticipo il luogo previsto e tutte le altre informazioni utili per la posta\/postazione.<\/li>\n<\/ul>\n<p>[\/vc_column_text][\/vc_column][vc_column width=&#8221;7\/12&#8243;][vc_images_carousel images=&#8221;585,1352,1353&#8243; img_size=&#8221;large&#8221; autoplay=&#8221;yes&#8221; wrap=&#8221;yes&#8221;][\/vc_column][\/vc_row]<\/p>","protected":false},"excerpt":{"rendered":"<p>[vc_row][vc_column width=&#8221;5\/12&#8243;][vc_column_text] Amici cacciatore Che ne sarebbe della cosa pi\u00f9 bella del mondo senza delle persone con cui condividerla? Basta creare una nuova chat che includa i compagni con cui si desidera cacciare all&#8217;interno del distretto, quindi condividere tutte le informazioni all\u2019interno della chat di gruppo. Highlight per i amici cacciatori di: Un nuovo distretto [&hellip;]<\/p>\n","protected":false},"author":4,"featured_media":0,"parent":42,"menu_order":2,"comment_status":"closed","ping_status":"closed","template":"","meta":[],"_links":{"self":[{"href":"https:\/\/huntersmapp.com\/it\/wp-json\/wp\/v2\/pages\/112"}],"collection":[{"href":"https:\/\/huntersmapp.com\/it\/wp-json\/wp\/v2\/pages"}],"about":[{"href":"https:\/\/huntersmapp.com\/it\/wp-json\/wp\/v2\/types\/page"}],"author":[{"embeddable":true,"href":"https:\/\/huntersmapp.com\/it\/wp-json\/wp\/v2\/users\/4"}],"replies":[{"embeddable":true,"href":"https:\/\/huntersmapp.com\/it\/wp-json\/wp\/v2\/comments?post=112"}],"version-history":[{"count":37,"href":"https:\/\/huntersmapp.com\/it\/wp-json\/wp\/v2\/pages\/112\/revisions"}],"predecessor-version":[{"id":2592,"href":"https:\/\/huntersmapp.com\/it\/wp-json\/wp\/v2\/pages\/112\/revisions\/2592"}],"up":[{"embeddable":true,"href":"https:\/\/huntersmapp.com\/it\/wp-json\/wp\/v2\/pages\/42"}],"wp:attachment":[{"href":"https:\/\/huntersmapp.com\/it\/wp-json\/wp\/v2\/media?parent=112"}],"curies":[{"name":"wp","href":"https:\/\/api.w.org\/{rel}","templated":true}]}}