{"id":120,"date":"2017-01-25T12:13:04","date_gmt":"2017-01-25T11:13:04","guid":{"rendered":"http:\/\/huntersmapp.com\/?page_id=120"},"modified":"2019-09-12T09:09:34","modified_gmt":"2019-09-12T07:09:34","slug":"poi","status":"publish","type":"page","link":"https:\/\/huntersmapp.com\/it\/revier\/poi\/","title":{"rendered":"Points of Interest (POI)"},"content":{"rendered":"<p>[vc_row][vc_column width=&#8221;5\/12&#8243;][vc_column_text]<\/p>\n<h1>Points of Interest (POI)<\/h1>\n<p>Questo modulo estremamente versatile pu\u00f2 essere utile non solo a voi e ai vostri amici cacciatori, ma (come auspicato) anche per i nuovi cacciatori o i cacciatori ospiti che non conoscono ancora benissimo un determinato distretto. Il posizionamento dei POI avviene secondo un modello consolidato, analogamente a quanto avviene con la dotazione da caccia, e sulla mappa compare un riferimento arancione.<\/p>\n<h3>Highlight del modulo Points of Interest:<\/h3>\n<ul>\n<li>Sulla mappa \u00e8 possibile posizionare dei Points of Interest \u2013 analogamente a quanto avviene con la \u00a0<a href=\"http:\/\/huntersmapp.com\/revier\/jagdeinrichtungen\/\">dotazione da caccia<\/a>, assegnare ad ogni punto un nome (ad es. &#8220;Esca Attenhausen&#8221;, &#8220;Capanna di caccia nel bosco&#8221;, &#8220;Pantano a Gemeindeholz&#8221;) e salvare le impostazioni.<\/li>\n<li>Il posizionamento sulla mappa \u00e8 di tipo manuale. In alternativa, \u00e8 altres\u00ec possibile acquisire l\u2019attuale posizione GPS, se siete presenti all\u2019interno di un distretto per un giro di ricognizione.<\/li>\n<\/ul>\n<p>[\/vc_column_text][\/vc_column][vc_column width=&#8221;7\/12&#8243;][vc_single_image image=&#8221;598&#8243; img_size=&#8221;large&#8221;][\/vc_column][\/vc_row]<\/p>","protected":false},"excerpt":{"rendered":"<p>[vc_row][vc_column width=&#8221;5\/12&#8243;][vc_column_text] Points of Interest (POI) Questo modulo estremamente versatile pu\u00f2 essere utile non solo a voi e ai vostri amici cacciatori, ma (come auspicato) anche per i nuovi cacciatori o i cacciatori ospiti che non conoscono ancora benissimo un determinato distretto. Il posizionamento dei POI avviene secondo un modello consolidato, analogamente a quanto avviene [&hellip;]<\/p>\n","protected":false},"author":4,"featured_media":0,"parent":42,"menu_order":4,"comment_status":"closed","ping_status":"closed","template":"","meta":[],"_links":{"self":[{"href":"https:\/\/huntersmapp.com\/it\/wp-json\/wp\/v2\/pages\/120"}],"collection":[{"href":"https:\/\/huntersmapp.com\/it\/wp-json\/wp\/v2\/pages"}],"about":[{"href":"https:\/\/huntersmapp.com\/it\/wp-json\/wp\/v2\/types\/page"}],"author":[{"embeddable":true,"href":"https:\/\/huntersmapp.com\/it\/wp-json\/wp\/v2\/users\/4"}],"replies":[{"embeddable":true,"href":"https:\/\/huntersmapp.com\/it\/wp-json\/wp\/v2\/comments?post=120"}],"version-history":[{"count":25,"href":"https:\/\/huntersmapp.com\/it\/wp-json\/wp\/v2\/pages\/120\/revisions"}],"predecessor-version":[{"id":2599,"href":"https:\/\/huntersmapp.com\/it\/wp-json\/wp\/v2\/pages\/120\/revisions\/2599"}],"up":[{"embeddable":true,"href":"https:\/\/huntersmapp.com\/it\/wp-json\/wp\/v2\/pages\/42"}],"wp:attachment":[{"href":"https:\/\/huntersmapp.com\/it\/wp-json\/wp\/v2\/media?parent=120"}],"curies":[{"name":"wp","href":"https:\/\/api.w.org\/{rel}","templated":true}]}}