{"id":132,"date":"2017-01-25T15:08:29","date_gmt":"2017-01-25T14:08:29","guid":{"rendered":"http:\/\/huntersmapp.com\/?page_id=132"},"modified":"2019-01-04T16:46:25","modified_gmt":"2019-01-04T15:46:25","slug":"jagdtagebuch","status":"publish","type":"page","link":"https:\/\/huntersmapp.com\/it\/jagdplaner\/jagdtagebuch\/","title":{"rendered":"Diario di caccia"},"content":{"rendered":"<p>[vc_row][vc_column width=&#8221;5\/12&#8243;][vc_column_text]<\/p>\n<h1>Diario di caccia<\/h1>\n<p>Anche nella caccia vale il detto secondo cui a volte una foto dice molto pi\u00f9 di mille parole! Nel diario digitale potrete acquisire con facilit\u00e0 avvistamenti e abbattimenti di fauna selvatica, fissandoli per sempre in una delle seguenti rubriche:<\/p>\n<ul>\n<li>Avvistamenti<\/li>\n<li>Abbattimenti<\/li>\n<li>Attivit\u00e0 completate<\/li>\n<li>Altro<\/li>\n<\/ul>\n<p><strong>Come inserire le informazioni nel diario di caccia:<\/strong><\/p>\n<ul>\n<li>Basta scattare una foto, scegliere la specie (ad es. cinghiale, capriolo)<\/li>\n<li>Premere un tasto per salvare data, ora e luogo \u2013 ecco fatto!<\/li>\n<\/ul>\n<p><strong>I vantaggi:<\/strong>\u00a0se necessario \u00e8 altres\u00ec possibile aggiungere delle annotazioni. A tale scopo \u00e8 possibile utilizzare la funzione di dettatura e il messaggio vocale verr\u00e0 automaticamente convertito in testo e inserito nel campo degli appunti.<\/p>\n<p>[\/vc_column_text][\/vc_column][vc_column width=&#8221;7\/12&#8243;][vc_images_carousel images=&#8221;589,587&#8243; img_size=&#8221;large&#8221; autoplay=&#8221;yes&#8221; wrap=&#8221;yes&#8221;][\/vc_column][\/vc_row]<\/p>","protected":false},"excerpt":{"rendered":"<p>[vc_row][vc_column width=&#8221;5\/12&#8243;][vc_column_text] Diario di caccia Anche nella caccia vale il detto secondo cui a volte una foto dice molto pi\u00f9 di mille parole! Nel diario digitale potrete acquisire con facilit\u00e0 avvistamenti e abbattimenti di fauna selvatica, fissandoli per sempre in una delle seguenti rubriche: Avvistamenti Abbattimenti Attivit\u00e0 completate Altro Come inserire le informazioni nel diario [&hellip;]<\/p>\n","protected":false},"author":4,"featured_media":0,"parent":32,"menu_order":2,"comment_status":"closed","ping_status":"closed","template":"","meta":[],"_links":{"self":[{"href":"https:\/\/huntersmapp.com\/it\/wp-json\/wp\/v2\/pages\/132"}],"collection":[{"href":"https:\/\/huntersmapp.com\/it\/wp-json\/wp\/v2\/pages"}],"about":[{"href":"https:\/\/huntersmapp.com\/it\/wp-json\/wp\/v2\/types\/page"}],"author":[{"embeddable":true,"href":"https:\/\/huntersmapp.com\/it\/wp-json\/wp\/v2\/users\/4"}],"replies":[{"embeddable":true,"href":"https:\/\/huntersmapp.com\/it\/wp-json\/wp\/v2\/comments?post=132"}],"version-history":[{"count":36,"href":"https:\/\/huntersmapp.com\/it\/wp-json\/wp\/v2\/pages\/132\/revisions"}],"predecessor-version":[{"id":2078,"href":"https:\/\/huntersmapp.com\/it\/wp-json\/wp\/v2\/pages\/132\/revisions\/2078"}],"up":[{"embeddable":true,"href":"https:\/\/huntersmapp.com\/it\/wp-json\/wp\/v2\/pages\/32"}],"wp:attachment":[{"href":"https:\/\/huntersmapp.com\/it\/wp-json\/wp\/v2\/media?parent=132"}],"curies":[{"name":"wp","href":"https:\/\/api.w.org\/{rel}","templated":true}]}}