{"id":135,"date":"2017-01-25T15:13:50","date_gmt":"2017-01-25T14:13:50","guid":{"rendered":"http:\/\/huntersmapp.com\/?page_id=135"},"modified":"2019-01-04T16:55:19","modified_gmt":"2019-01-04T15:55:19","slug":"lockrufe","status":"publish","type":"page","link":"https:\/\/huntersmapp.com\/it\/jagdplaner\/lockrufe\/","title":{"rendered":"Richiami"},"content":{"rendered":"<p>[vc_row][vc_column width=&#8221;5\/12&#8243;][vc_column_text]<\/p>\n<h1>Richiami<\/h1>\n<p>Si sa che durante la caccia al campo \u00e8 pi\u00f9 facile attirare alcune specie selvatiche imitandone il verso. Ci\u00f2 presuppone per\u00f2 che il cacciatore abbia a disposizione il giusto richiamo.<br \/>\nQui troverete una ventina di richiami diversi\u2026<\/p>\n<ul>\n<li><strong>Caccia al fischio<\/strong><\/li>\n<li><strong>Caccia al cinghiale<\/strong><\/li>\n<li><strong>Caccia alla volpe<\/strong><\/li>\n<li><strong>Caccia al procione<\/strong><\/li>\n<li><strong>Caccia ad anatre e cornacchie<\/strong><\/li>\n<li><strong>e molto altro ancora\u2026<\/strong><\/li>\n<\/ul>\n<p>Utilizzate questa utile funzione per riascoltare il verso ed esercitarvi, con o senza ausili, prima che la caccia al fischio abbia inizio.<\/p>\n<p><strong>Buono a sapersi:<\/strong>\u00a0i richiami con cui sono stati realizzati gli attrattivi per la caccia possono essere acquistati presso Klaus Demmel:<\/p>\n<p><a href=\"https:\/\/klaus-demmel.de\/index.php?id_category=6&amp;controller=category\">Al negozio!<\/a>[\/vc_column_text][\/vc_column][vc_column width=&#8221;7\/12&#8243;][vc_images_carousel images=&#8221;593,592,591&#8243; img_size=&#8221;large&#8221; speed=&#8221;4000&#8243; autoplay=&#8221;yes&#8221; wrap=&#8221;yes&#8221;][\/vc_column][\/vc_row]<\/p>","protected":false},"excerpt":{"rendered":"<p>[vc_row][vc_column width=&#8221;5\/12&#8243;][vc_column_text] Richiami Si sa che durante la caccia al campo \u00e8 pi\u00f9 facile attirare alcune specie selvatiche imitandone il verso. Ci\u00f2 presuppone per\u00f2 che il cacciatore abbia a disposizione il giusto richiamo. Qui troverete una ventina di richiami diversi\u2026 Caccia al fischio Caccia al cinghiale Caccia alla volpe Caccia al procione Caccia ad anatre [&hellip;]<\/p>\n","protected":false},"author":4,"featured_media":0,"parent":32,"menu_order":5,"comment_status":"closed","ping_status":"closed","template":"","meta":[],"_links":{"self":[{"href":"https:\/\/huntersmapp.com\/it\/wp-json\/wp\/v2\/pages\/135"}],"collection":[{"href":"https:\/\/huntersmapp.com\/it\/wp-json\/wp\/v2\/pages"}],"about":[{"href":"https:\/\/huntersmapp.com\/it\/wp-json\/wp\/v2\/types\/page"}],"author":[{"embeddable":true,"href":"https:\/\/huntersmapp.com\/it\/wp-json\/wp\/v2\/users\/4"}],"replies":[{"embeddable":true,"href":"https:\/\/huntersmapp.com\/it\/wp-json\/wp\/v2\/comments?post=135"}],"version-history":[{"count":47,"href":"https:\/\/huntersmapp.com\/it\/wp-json\/wp\/v2\/pages\/135\/revisions"}],"predecessor-version":[{"id":2082,"href":"https:\/\/huntersmapp.com\/it\/wp-json\/wp\/v2\/pages\/135\/revisions\/2082"}],"up":[{"embeddable":true,"href":"https:\/\/huntersmapp.com\/it\/wp-json\/wp\/v2\/pages\/32"}],"wp:attachment":[{"href":"https:\/\/huntersmapp.com\/it\/wp-json\/wp\/v2\/media?parent=135"}],"curies":[{"name":"wp","href":"https:\/\/api.w.org\/{rel}","templated":true}]}}