{"id":149,"date":"2017-01-25T18:29:25","date_gmt":"2017-01-25T17:29:25","guid":{"rendered":"http:\/\/huntersmapp.com\/?page_id=149"},"modified":"2019-01-04T16:34:48","modified_gmt":"2019-01-04T15:34:48","slug":"jagdwetter","status":"publish","type":"page","link":"https:\/\/huntersmapp.com\/it\/jagdplaner\/jagdwetter\/","title":{"rendered":"Condizioni meteo per la caccia"},"content":{"rendered":"<p>[vc_row][vc_column width=&#8221;5\/12&#8243;][vc_column_text]<\/p>\n<h1>Condizioni meteo per la caccia<\/h1>\n<p>Purtroppo non siamo (ancora) in grado di influire sulla luce giusta per prendere la mira o sulla direzione del vento \u2013 ma con HuntersMapp siamo in grado di fornirvi tutti i parametri meteorologici importanti per una battuta di caccia perfetta \u2013 sia di giorno che di notte.<\/p>\n<ul>\n<li>Informazioni meteo generali (condizioni atmosferiche, temperatura, probabilit\u00e0 di pioggia e quantit\u00e0 di pioggia caduta, levata e tramonto del sole)<\/li>\n<li>Intensit\u00e0 e direzione del vento<\/li>\n<li>Fasi lunari, levata e tramonto della luna<\/li>\n<\/ul>\n<h3>Highlight del modulo meteo:<\/h3>\n<ul>\n<li>Le condizioni e previsioni meteorologiche vengono visualizzate su 3 schermate: tempo, vento, luna<\/li>\n<li>Oltre alle informazioni meteo aggiornate, \u00e8 disponibile una previsione a 5 giorni<\/li>\n<li>Le previsioni* per le 6 ore successive vengono costantemente aggiornate.<\/li>\n<\/ul>\n<p><strong>La scelta spetta solo a voi: posizione effettiva o posizione desiderata?<\/strong><\/p>\n<p>Quando si visualizzano i dati meteorologici, \u00e8 possibile acquisire automaticamente la posizione corrente oppure selezionare la posizione desiderata specificando il paese e il CAP.<\/p>\n<h6>*Previsioni meteo con temperatura, probabilit\u00e0 di pioggia, quantit\u00e0 di pioggia caduta, direzione e velocit\u00e0 del vento.<\/h6>\n<p>[\/vc_column_text][\/vc_column][vc_column width=&#8221;7\/12&#8243;][vc_images_carousel images=&#8221;602,603,594&#8243; img_size=&#8221;large&#8221; autoplay=&#8221;yes&#8221; wrap=&#8221;yes&#8221;][\/vc_column][\/vc_row]<\/p>","protected":false},"excerpt":{"rendered":"<p>[vc_row][vc_column width=&#8221;5\/12&#8243;][vc_column_text] Condizioni meteo per la caccia Purtroppo non siamo (ancora) in grado di influire sulla luce giusta per prendere la mira o sulla direzione del vento \u2013 ma con HuntersMapp siamo in grado di fornirvi tutti i parametri meteorologici importanti per una battuta di caccia perfetta \u2013 sia di giorno che di notte. Informazioni [&hellip;]<\/p>\n","protected":false},"author":4,"featured_media":0,"parent":32,"menu_order":1,"comment_status":"closed","ping_status":"closed","template":"","meta":[],"_links":{"self":[{"href":"https:\/\/huntersmapp.com\/it\/wp-json\/wp\/v2\/pages\/149"}],"collection":[{"href":"https:\/\/huntersmapp.com\/it\/wp-json\/wp\/v2\/pages"}],"about":[{"href":"https:\/\/huntersmapp.com\/it\/wp-json\/wp\/v2\/types\/page"}],"author":[{"embeddable":true,"href":"https:\/\/huntersmapp.com\/it\/wp-json\/wp\/v2\/users\/4"}],"replies":[{"embeddable":true,"href":"https:\/\/huntersmapp.com\/it\/wp-json\/wp\/v2\/comments?post=149"}],"version-history":[{"count":60,"href":"https:\/\/huntersmapp.com\/it\/wp-json\/wp\/v2\/pages\/149\/revisions"}],"predecessor-version":[{"id":2072,"href":"https:\/\/huntersmapp.com\/it\/wp-json\/wp\/v2\/pages\/149\/revisions\/2072"}],"up":[{"embeddable":true,"href":"https:\/\/huntersmapp.com\/it\/wp-json\/wp\/v2\/pages\/32"}],"wp:attachment":[{"href":"https:\/\/huntersmapp.com\/it\/wp-json\/wp\/v2\/media?parent=149"}],"curies":[{"name":"wp","href":"https:\/\/api.w.org\/{rel}","templated":true}]}}