{"id":1515,"date":"2018-03-06T12:38:51","date_gmt":"2018-03-06T11:38:51","guid":{"rendered":"http:\/\/huntersmapp.com\/?page_id=1515"},"modified":"2019-10-23T08:10:32","modified_gmt":"2019-10-23T06:10:32","slug":"update","status":"publish","type":"page","link":"https:\/\/huntersmapp.com\/it\/extras\/update\/","title":{"rendered":"(Deutsch) Update"},"content":{"rendered":"<p class=\"qtranxs-available-languages-message qtranxs-available-languages-message-it\">Ci spiace, ma questo articolo \u00e8 disponibile soltanto in <a href=\"https:\/\/huntersmapp.com\/de\/wp-json\/wp\/v2\/pages\/1515\" class=\"qtranxs-available-language-link qtranxs-available-language-link-de\" title=\"Deutsch\">Tedesco<\/a> e <a href=\"https:\/\/huntersmapp.com\/en\/wp-json\/wp\/v2\/pages\/1515\" class=\"qtranxs-available-language-link qtranxs-available-language-link-en\" title=\"English\">Inglese Americano<\/a>. Per ragioni di convenienza del visitatore, il contenuto \u00e8 mostrato sotto nella lingua principale di questo sito. Puoi cliccare su uno dei links per cambiare la lingua del sito in un'altra lingua disponibile.<\/p><p>[vc_row][vc_column width=&#8221;5\/12&#8243;][vc_column_text]<\/p>\n<h1>Update Oktober 2019<\/h1>\n<p>VERSION 2.2.4<\/p>\n<p>&nbsp;<\/p>\n<p>Liebe HuntersMapp User,<\/p>\n<p>aufgrund neuer Sicherheitsstandards bei Google und Facebook mussten wir in der HuntersMapp Anpassungen vornehmen. Im Google Play Store und im App Store k\u00f6nnt Ihr jetzt die Version 2.2.4 herunterladen und installieren bzw. updaten. Die Registrierung bzw. Anmeldung \u00fcber Google bzw. Facebook funktioniert mit unserem aktuellen Update ab sofort wieder.<\/p>\n<div class=\"text_exposed_show\">\n<p>Vielen Dank f\u00fcr Eure\u00a0Geduld!<\/p>\n<p>Wir w\u00fcnschen weiterhin viel Spa\u00df mit der HuntersMapp!<\/p>\n<p>Euer HuntersMapp Team<\/p>\n<\/div>\n<p>&nbsp;<\/p>\n<p>&nbsp;<\/p>\n<p>VERSION 2.2.3<\/p>\n<p>&nbsp;<\/p>\n<p>Liebe HuntesMapp User,<\/p>\n<p>wir freuen uns Ihnen unserer neuestes HuntersMapp Update mit einigen Optimierungen und vielen iOS 13 Anpassungen pr\u00e4sentieren zu d\u00fcrfen.<\/p>\n<h2>\u00a0Update im \u00dcberblick<\/h2>\n<ul>\n<li>kleiner Anpassungen und Fehlerkorrekturen<\/li>\n<li>iOS 13 Anpassungen<\/li>\n<\/ul>\n<p>Wir w\u00fcnschen Ihnen weiterhin viel Spa\u00df und Waidmannsheil\u00a0mit der HuntersMapp!<\/p>\n<p>HuntersMapp-Team[\/vc_column_text][vc_column_text]<\/p>\n<h1>Update September\u00a02019<\/h1>\n<p>VERSION 2.2.0<\/p>\n<p>&nbsp;<\/p>\n<p>Liebe HuntesMapp User,<\/p>\n<p>wir freuen uns Ihnen unserer neuestes HuntersMapp Update mit vielen kleinen Verbesserungen, aber auch deutlichen Funktionsausweitungen, vor allem im Reviermodul, pr\u00e4sentieren zu d\u00fcrfen. Wie immer haben wir auch viele\u00a0Eurer Ideen aufgegriffen und umgesetzt.\u00a0Vielen Dank an dieser Stelle f\u00fcr Eure Verbesserungsvorschl\u00e4ge und Mithilfe bei der weiteren Entwicklung\u00a0der HuntersMapp!<\/p>\n<h2>Wesentliche Funktionserweiterungen im \u00dcberblick<\/h2>\n<p><strong>GRATIS VERSION DER HUNTERSMAPP<\/strong><\/p>\n<ul>\n<li>Ein <strong>Revier<\/strong> kann jetzt in der Gratisversion uneingeschr\u00e4nkt verwaltet werden<\/li>\n<li>Vollst\u00e4ndige Freischaltung des <strong>Tagebuches<\/strong><\/li>\n<li>Freischaltung der <strong>Wettervorschau<\/strong><\/li>\n<li>Freischaltung der <strong>Windvorschau<\/strong><\/li>\n<li>Freischaltung der <strong>Mondinfos<\/strong><\/li>\n<\/ul>\n<p>Finanziert werden diese zus\u00e4tzlichen Funktionen in der Gratisversion \u00fcber Werbeschaltungen &#8211; die HuntersMapp PRO bleibt selbstverst\u00e4ndlich werbefrei!<\/p>\n<p><strong>NEWS<\/strong><\/p>\n<ul>\n<li>Anpassung der <strong>Anzeige<\/strong> in den Jagdnews<\/li>\n<li>Im deutschsprachigen Raum gibt\u00a0jetzt neben NEWS f\u00fcr Deutschland und \u00d6sterreich jetzt auch NEWS f\u00fcr die <strong>Schweiz<\/strong><\/li>\n<\/ul>\n<p><strong>REVIERMANGER<\/strong><\/p>\n<ul>\n<li><strong>Viele zus\u00e4tzliche Landmarksymbole<\/strong> f\u00fcr die unterschiedlichen Ansitztypen und sonstigen Landmarktypen<\/li>\n<li>Eintragung von mehreren <strong>Reviergrenzen<\/strong><\/li>\n<li><strong>Nachtr\u00e4gliches einf\u00fcgen von Grenzpunkten<\/strong> an jeder beliebigen Stelle der Grenze<\/li>\n<li><strong>Wege, Stra\u00dfen, Pirschwege, Wildwechsel<\/strong> k\u00f6nnen auf der Revierkarte jetzt auch <strong>als Strecke<\/strong> (unterschiedliche Farben) angelegt werden<\/li>\n<li>Einfacher <strong>Import<\/strong> von <strong>KML- und KMZ-Dateien<\/strong> in die HuntersMapp (Import von Grenzverlauf und Landmarks)<\/li>\n<li>Einfacher <strong>Export<\/strong> von <strong>Revierdaten<\/strong> als KML-Datei<\/li>\n<\/ul>\n<p><strong>AUSR\u00dcSTUNGSMANGER<\/strong><\/p>\n<ul>\n<li><strong>\u00dcberarbeitung<\/strong> des Ausr\u00fcstungsmangers<\/li>\n<li>Integration eines <strong>Ausr\u00fcstungskatalogs<\/strong> um die Erfassung der Ausr\u00fcstung zu vereinfachen &#8211; hier k\u00f6nnen Sie auch direkt auf einen <strong>Shop<\/strong> wechseln und die Ausr\u00fcstung erwerben.<\/li>\n<\/ul>\n<p><strong>MESSENGER<\/strong><\/p>\n<ul>\n<li><strong>Markierung von ungelesenen Nachrichten<\/strong> im Men\u00fc, in der Chat\u00fcbersicht und im Adressbuch<\/li>\n<li><strong>Versenden von Ausr\u00fcstungsgegenst\u00e4nden<\/strong>, auch von einem angelegten Wunschzettel, an\u00a0Freunde<\/li>\n<\/ul>\n<p><strong>ANPASSUNG \/ OPTIMIERUNG DER ANZEIGE<\/strong><\/p>\n<ul>\n<li>iPhone X View<\/li>\n<li>Android Views<\/li>\n<\/ul>\n<p>Neben den aufgelisteten Punkten haben wir nat\u00fcrlich auch wieder viele kleine Optimierungen, Verbesserungen und Fehlerbehebungen umgesetzt.<\/p>\n<p>Wir w\u00fcnschen viel Spa\u00df mit den neuen Funktion der\u00a0HuntersMapp!<\/p>\n<p>Euer HuntersMapp Team[\/vc_column_text][vc_column_text]<\/p>\n<h1>Update Februar 2019<\/h1>\n<p>VERSION 2.1.2<\/p>\n<p>Liebe HuntersMapp User,<\/p>\n<p>unser neues Update (Version 2.1.2) steht ab sofort f\u00fcr Sie zum Download bereit!<\/p>\n<h2>Wesentliche Funktionserweiterungen im \u00dcberblick:<\/h2>\n<ul>\n<li>Bugfixes und Optimierungen<\/li>\n<li>Erweiterung der Sprachauswahl, neben Englisch, Deutsch, Italienisch und Franz\u00f6sisch, steht ab sofort auch Spanisch zur Verf\u00fcgung<\/li>\n<\/ul>\n<p>Wir w\u00fcnschen Ihnen weiterhin viel Spa\u00df und Waidmannsheil\u00a0mit der HuntersMapp!<\/p>\n<p>HuntersMapp-Team[\/vc_column_text][vc_column_text]<\/p>\n<h1><\/h1>\n<h1>Update Januar 2019<\/h1>\n<p>VERSION 2.1.1<\/p>\n<p>Liebe HuntersMapp User,<\/p>\n<p>unser neuestes\u00a0HuntersMapp &#8211; Update steht jetzt im App Store und im Google Play Store f\u00fcr Sie zum Download bereit!<\/p>\n<h2>Wesentliche Funktionserweiterungen im \u00dcberblick:<\/h2>\n<ul>\n<li>Bugfixes und Optimierungen<\/li>\n<li>Im Revier steht jetzt neues Kartenmaterial und eine 2. Satellitenansicht zur Auswahl<\/li>\n<li>Erweiterung der Landmarkliste (Reviermodul)<\/li>\n<li>Zus\u00e4tzliche Filter im Augmented Reality Modus der Gesellschaftsjagd (jetzt k\u00f6nnen auch einzelne Jagdteilnehmer ausw\u00e4hlt werden)<\/li>\n<\/ul>\n<p>Wir w\u00fcnschen Ihnen weiterhin viel Spa\u00df und Waidmannsheil\u00a0mit der HuntersMapp!<\/p>\n<p>HuntersMapp-Team[\/vc_column_text][vc_column_text]<\/p>\n<h1>Update November 2018<\/h1>\n<p>VERSION 2.1.0<\/p>\n<p>Liebe Freunde der HuntersMapp,<\/p>\n<p>vielen lieben Dank f\u00fcr Euer zahlreiches und sehr hilfreiches Feedback! Im Rahmen unseres neuen Updates haben wir nat\u00fcrlich wieder einige Eurer Ideen und Anregungen in das Update mit aufgenommen. Wir bitten alle, deren Tipps in diesem Update noch nicht umgesetzt wurden um Geduld bzw. um Verst\u00e4ndnis. Leider wird es uns nicht m\u00f6glich sein, allen Euren W\u00fcnschen zu entsprechen, aber wir pr\u00fcfen jeden Eurer Vorschl\u00e4ge auf Umsetzbarkeit, Zweckm\u00e4\u00dfigkeit und Wirtschaftlichkeit. Die Umsetzung erfolgt wie immer gem\u00e4\u00df Periodisierung und Budget.<\/p>\n<h2>Wesentliche Funktionserweiterungen im \u00dcberblick:<\/h2>\n<ul>\n<li><strong>NEU<\/strong>: Erg\u00e4nzung einer <strong>Abschussplanung<\/strong> als eigenen Men\u00fcpunkt. Die Abschussplanung ist mit dem Jagdtagebuch verkn\u00fcpft und jeder Eintrag in die Kategorie &#8220;Erlegt&#8221; kann entsprechend zugeordnet werden<\/li>\n<li><strong>NEU<\/strong>: Integration von Inhalten des Deutschen Jagdverbandes (in <strong>Kooperation mit dem Deutschen Jagdverband<\/strong>)<\/li>\n<li><strong>NEU<\/strong>: Die HunterMapp <strong>News<\/strong> werden zuk\u00fcnftig auch auf der HuntersMapp &#8211; Webseite ver\u00f6ffentlicht<\/li>\n<li>Auf vielfachen w\u00fcnsch erg\u00e4nzen wir die <strong>Satellitenansicht<\/strong> noch um eine <strong>Kartenansicht mit Stra\u00dfen und St\u00e4dten<\/strong> und werden in diesem Zusammenhang auch nochmal unseren Kartendienstanbieter wechseln, da die Qualit\u00e4t und Aktualit\u00e4t des\u00a0Kartenmaterials teilweise nicht zufriedenstellend war.<\/li>\n<li>Erg\u00e4nzung einer <strong>Windfahne in die Revierkarte.<\/strong>\u00a0Die Windfahne wird im Rahmen der 8- Stunden-Windvorschau auf der Karte entsprechend der erwarteten Windrichtung angezeigt<\/li>\n<li><strong>Erg\u00e4nzung der Landmarkauswahl<\/strong> &#8220;Wildschaden&#8221; im Reviermodul<\/li>\n<li>Die <strong>Winddefinition<\/strong> von Ansitzen kann jetzt nicht nur durch automatische Richtungs\u00fcbernahme des Ger\u00e4tes, sondern <strong>auch manuell eingetragen<\/strong> werden<\/li>\n<li>Die <strong>Ansitze und Landmarks<\/strong> k\u00f6nnen nicht nur auf der Karte durch tippen, bzw. durch \u00dcbernahme der aktuellen Position positioniert werden, sondern die Positionierung kann jetzt <strong>auch durch manuelle Eingabe der Geolocation-Daten<\/strong> (lat\/lng) erfasst werden<\/li>\n<li>Im <strong>HuntersMapp &#8211; Messenger<\/strong> k\u00f6nnen die verschickten <strong>Bilder jetzt auch vergr\u00f6\u00dfert angezeigt<\/strong> werden<\/li>\n<li>Die <strong>Reviere<\/strong> werden in der Revier\u00fcbersicht jetzt <strong>in alphabetischer Reihenfolge<\/strong> angezeigt<\/li>\n<li>Anpassungen im <strong>Jagdtagebuch<\/strong> (Erweiterung der Informationen in der Eintrags\u00fcbersicht)<\/li>\n<li>Die <strong>Jagdtagebucheintr\u00e4ge<\/strong> k\u00f6nnen jetzt <strong>auch auf der Revierkarte eingeblendet<\/strong> werden<\/li>\n<li>Die <strong>Jagdtagebucheintr\u00e4ge<\/strong> k\u00f6nnen jetzt nicht nur nach Anblick, Schuss, Erlegt und Sonstiges, sondern zus\u00e4tzlich <strong>nach Jahr, Monat und Wildart gefiltert angezeigt<\/strong> werden<\/li>\n<li>Im <strong>Messenger und im Peer to Peer Messenger<\/strong> (Chat ohne \u00f6ffentliche Netze) k\u00f6nnen <strong>die Positionsdaten<\/strong> inkl. der aktuellen Entfernung zu Euch selbst <strong>auch \u00fcber Augmented Reality<\/strong> in das Livebild der Kamera eingeblendet angezeigt werden. Die Anzeige ist analog der Anzeige in der LiveHunt w\u00e4hrend einer Gesellschaftsjagd<\/li>\n<li>W\u00e4hrend einer <strong>LiveHunt (Gesellschaftsjagd)<\/strong> k\u00f6nnen jetzt neben den Teilnehmern <strong>auch die Landmarks<\/strong> angetippt werden und man erh\u00e4lt die <strong>hinterlegte Kurzinformation<\/strong> eingeblendet<\/li>\n<li>Anpassungen in der <strong>Datenschutzerkl\u00e4rung<\/strong><\/li>\n<li>allgemeine <strong>Fehlerbehebungen<\/strong> wie z. B. Standortsuche im Revier und in der Wetterapp, auch die Fehlermeldung \u00fcber die HuntersMapp funktioniert jetzt wieder<\/li>\n<\/ul>\n<h1>Preisanpassungen im November 2018<\/h1>\n<p>Nachdem die HuntersMapp nun mittlerweile seit \u00fcber einem Jahr am Markt ist und es sich bei den bisherigen Preisen um Einf\u00fchrungspreise handelte, werden die Preise jetzt auf die regul\u00e4ren Preise angehoben.<\/p>\n<h2>Preise f\u00fcr die HuntersMapp:<\/h2>\n<p>HuntersMapp Unlimited:\u00a0<strong>34,99 \u20ac<\/strong><\/p>\n<p>HunterMapp Jahresabo:\u00a0<strong>11,99 \u20ac<\/strong><\/p>\n<p>Wir w\u00fcnschen Euch viel Spa\u00df mit den neuen Funktionen und Waidmannsheil!<\/p>\n<p>Euer HuntersMapp &#8211; Team[\/vc_column_text][vc_column_text]<\/p>\n<h1>Update April 2018<\/h1>\n<p>VERSION 2.0.11 und 2.0.12<\/p>\n<p>Liebe HuntersMapp &#8211; Freunde,<\/p>\n<p>vorab m\u00f6chten wir uns <strong>bei Euch\u00a0herzlich f\u00fcr das zahlreiche Feedback und die\u00a0Vorschl\u00e4ge f\u00fcr weitere Funktionen in der HuntersMapp bedanken<\/strong>! Viele werden Ihre Ideen und Anregungen im Update wieder\u00a0finden.\u00a0Wir bitten alle, deren Tipps in diesem Update noch nicht umgesetzt wurden um Geduld bzw. um\u00a0Verst\u00e4ndnis. Leider\u00a0wird\u00a0es uns nicht m\u00f6glich sein, allen Euren W\u00fcnschen zu entsprechen, aber wir\u00a0pr\u00fcfen jeden\u00a0Eurer W\u00fcnsche auf Umsetzbarkeit, Zweckm\u00e4\u00dfigkeit und Wirtschaftlichkeit. Die Umsetzung erfolgt gem\u00e4\u00df Periodisierung und Budget.<\/p>\n<p>Neben einer Vielzahl an <strong>Funktionserweiterungen<\/strong> (s. u.) und ein paar <strong>Fehlerbehebungen<\/strong> haben wir vor allem auch die <strong>Benutzerfreundlichkeit<\/strong> der HuntersMapp deutlich <strong>verbessert<\/strong>! Unter anderem gibt es jetzt ein Suchfenster im Gruppenchat, die Erfassung der Winddefinition bei Ansitzen\u00a0wird selbsterkl\u00e4render dargestellt, es gibt einen\u00a0eigenen Men\u00fcpunkt f\u00fcr Gesellschaftsjagden und Sie m\u00fcssen Jagden nicht mehr \u00fcber den Gruppenchat planen und starten, sollten Sie Ihr Passwort vergessen haben, k\u00f6nnen Sie es jetzt direkt bei der Registrierung selbst zur\u00fccksetzten, die Bildanzeige im Gruppenchat wurde deutlich beschleunigt, und und und &#8230;<\/p>\n<h3><\/h3>\n<h2>Wesentliche\u00a0Funktionserweiterungen im \u00dcberblick:<\/h2>\n<ul>\n<li>Einf\u00fchrung einer eigenen <strong>HuntersMapp &#8211; Cloud<\/strong> (Datensicherung und Datenwiederherstellung, HuntersMapp-Daten auf verschiedenen Ger\u00e4ten nutzen und bearbeiten)<\/li>\n<li>Einf\u00fchrung der <strong>Peer to Peer &#8211; Kommunikation<\/strong> (ohne Funkhardware). Hier k\u00f6nnen Sie zuk\u00fcnftig z. B. bei einer Gesellschaftsjagd, auch ohne \u00f6ffentliche Netze miteinander kommunizieren. Hinweis: Wenn Sie sich weiter als 50 m (schlechte Bedingungen) &#8211; ca. 100 m (optimale Bedingungen) vom Netzwerk entfernen bricht die Verbindung ab. Eine deutliche Verbesserung folgt mit der HuntersMapp Funkhardware in 2019. Die Reichweite erh\u00f6ht sich dann, selbst bei schlechten\u00a0Bedingungen auf ca.\u00a01 km.<\/li>\n<li>Einf\u00fchrung von <strong>Filterfunktionen im Augmented Reality Modul (AR)<\/strong> f\u00fcr das Revier und in der\u00a0LiveHunt (Gesellschaftsjagd mit der HuntersMapp). Sie\u00a0k\u00f6nnen jetzt z. B. in der LiveHunt\u00a0ausw\u00e4hlen, welchen Stand Sie \u00fcber AR sehen wollen oder ob Sie z. B. w\u00e4hrend der LiveHunt nur die Treiber oder nur die Hundef\u00fchrer etc. oder genau eine teilnehmende Person \u00fcber\u00a0AR sehen wollen.<\/li>\n<li>Im <strong>Einzel- und Gruppenchat<\/strong> (HuntersMapp &#8211; Messenger) k\u00f6nnen Sie jetzt neben Text, Bilder, dem eigenen Standort und Ihren Revieren auch Ihre\u00a0<strong>Jagdtagebucheintr\u00e4ge<\/strong> (z. B. Sichtungen, Absch\u00fcsse oder auch gefundenes Fallwild) sowie <strong>beliebige Standorte<\/strong>, durch Auswahl auf der Karte, an Jagdfreunde <strong>verschicken.<\/strong><\/li>\n<li>Aus den <strong>HuntersMapp\u00a0&#8211; Adressbuch<\/strong> heraus k\u00f6nnen Sie jetzt direkt Ihre <strong>Freunde<\/strong> zur HuntersMapp\u00a0<strong>einladen<\/strong>.<\/li>\n<li><strong>Ausweitung Jagdtagebuch<\/strong>: Hier haben wir zus\u00e4tzliche Felder erg\u00e4nzt (Schussentfernung, weitere M\u00f6glichkeiten der Standorterfassung, wie z. B. die manuelle Auswahl des Standortes auf der Karte durch einfaches antippen und Auswahl eines Landmarks durch doppeltes Antippen auf der Revierkarte) und zus\u00e4tzlich k\u00f6nnen Sie hier Ihre verwendete Ausr\u00fcstung wie Waffe, Munition, Zielfernrohr, &#8230; anlegen und bei Bedarf ausw\u00e4hlen.<\/li>\n<li>Im <strong>Reviermodul<\/strong> wird jetzt <strong>immer<\/strong> auf <strong>Offlinekarten<\/strong> zugegriffen, nat\u00fcrlich nur, soweit Sie diese vorher in der Revierliste heruntergeladen haben. Es empfiehlt sich, das Kartenmaterial einmal im Jahr durch nochmaligen Download zu aktualisieren, um immer m\u00f6glichst aktuelle Karten zur Verf\u00fcgung zu haben.<\/li>\n<li>Die HuntersMapp merkt sich ab dem Update f\u00fcr mehrere Tage Ihre\u00a0<strong>Onlineverifizierung<\/strong>, so dass Sie auch ohne Internetzugriff f\u00fcr alle Funktionen berechtigt sind.<\/li>\n<li><strong>Neue Landmark-Auswahl im Reviermodul<\/strong>: Kanzel geschlossen,\u00a0Kanzel offen, Erdsitz offen, Erdsitz geschlossen, Erdsitz mobil, Ansitzleiter, Ansitzleiter mit Dach, Dr\u00fcckjagdsitz, Dr\u00fcckjagdstand, Kanzel fahrbar, Kirrautomat, Kirrung, Jagdh\u00fctte, Treffpunkt, Sammelplatz, Suhle, Mahlbaum, &#8230; und viel weitere.<\/li>\n<li><strong>Erg\u00e4nzungen im Wettermodul<\/strong><\/li>\n<li><strong>\u00dcberarbeitung der Revieranzeige<\/strong>: Im Anzeigemodus sehen Sie jetzt nur noch den Grenzverlauf und keine Grenzsteine mehr. Durch antippen der Landmarks erhalten Sie eine kleine Sofortinfo in die Revierkarte\u00a0eingeblendet.<\/li>\n<li><strong>Zus\u00e4tzliche Sprachen<\/strong>: franz\u00f6sisch und italienisch<\/li>\n<\/ul>\n<p>Wir w\u00fcnschen Euch\u00a0viel Spa\u00df mit den neuen Funktionen und Waidmannsheil!<\/p>\n<p>Euer\u00a0HuntersMapp &#8211; Team[\/vc_column_text][\/vc_column][vc_column width=&#8221;7\/12&#8243;][vc_single_image image=&#8221;2587&#8243; img_size=&#8221;large&#8221;][vc_single_image image=&#8221;2586&#8243; img_size=&#8221;large&#8221;][vc_single_image image=&#8221;1354&#8243; img_size=&#8221;large&#8221;][vc_single_image image=&#8221;596&#8243; img_size=&#8221;large&#8221;][vc_single_image image=&#8221;2585&#8243; img_size=&#8221;large&#8221;][\/vc_column][vc_column][\/vc_column][vc_column][\/vc_column][\/vc_row]<\/p>","protected":false},"excerpt":{"rendered":"<p>Ci spiace, ma questo articolo \u00e8 disponibile soltanto in Tedesco e Inglese Americano. Per ragioni di convenienza del visitatore, il contenuto \u00e8 mostrato sotto nella lingua principale di questo sito. Puoi cliccare su uno dei links per cambiare la lingua del sito in un&#8217;altra lingua disponibile.[vc_row][vc_column width=&#8221;5\/12&#8243;][vc_column_text] Update Oktober 2019 VERSION 2.2.4 &nbsp; Liebe HuntersMapp [&hellip;]<\/p>\n","protected":false},"author":4,"featured_media":0,"parent":159,"menu_order":4,"comment_status":"closed","ping_status":"closed","template":"","meta":[],"_links":{"self":[{"href":"https:\/\/huntersmapp.com\/it\/wp-json\/wp\/v2\/pages\/1515"}],"collection":[{"href":"https:\/\/huntersmapp.com\/it\/wp-json\/wp\/v2\/pages"}],"about":[{"href":"https:\/\/huntersmapp.com\/it\/wp-json\/wp\/v2\/types\/page"}],"author":[{"embeddable":true,"href":"https:\/\/huntersmapp.com\/it\/wp-json\/wp\/v2\/users\/4"}],"replies":[{"embeddable":true,"href":"https:\/\/huntersmapp.com\/it\/wp-json\/wp\/v2\/comments?post=1515"}],"version-history":[{"count":97,"href":"https:\/\/huntersmapp.com\/it\/wp-json\/wp\/v2\/pages\/1515\/revisions"}],"predecessor-version":[{"id":2682,"href":"https:\/\/huntersmapp.com\/it\/wp-json\/wp\/v2\/pages\/1515\/revisions\/2682"}],"up":[{"embeddable":true,"href":"https:\/\/huntersmapp.com\/it\/wp-json\/wp\/v2\/pages\/159"}],"wp:attachment":[{"href":"https:\/\/huntersmapp.com\/it\/wp-json\/wp\/v2\/media?parent=1515"}],"curies":[{"name":"wp","href":"https:\/\/api.w.org\/{rel}","templated":true}]}}