{"id":159,"date":"2017-01-26T11:37:49","date_gmt":"2017-01-26T10:37:49","guid":{"rendered":"http:\/\/huntersmapp.com\/?page_id=159"},"modified":"2017-06-14T15:49:48","modified_gmt":"2017-06-14T13:49:48","slug":"extras","status":"publish","type":"page","link":"https:\/\/huntersmapp.com\/it\/extras\/","title":{"rendered":"Opzioni"},"content":{"rendered":"<p>[vc_row][vc_column width=&#8221;5\/12&#8243;][vc_column_text]<\/p>\n<h1>Opzioni<\/h1>\n<p>Qui sono disponibili altre opzioni esclusive di HuntersMapp:<\/p>\n<ul>\n<li><a href=\"http:\/\/huntersmapp.com\/extras\/hardware\/\">Hardware HuntersMapp<\/a><\/li>\n<li><a href=\"http:\/\/huntersmapp.com\/extras\/ar-funktion\/\">Realt\u00e0 aumentata<\/a>\u00a0(Augmented Reality)<\/li>\n<\/ul>\n<p>Aumentate, ad esempio, il raggio d\u2019azione della tecnologia Peer to Peer con lo speciale hardware HuntersMapp \u2013 per una comunicazione ottimale fra cacciatori!<\/p>\n<p>Nell\u2019immagine live della fotocamera del cellulare, visualizzate la posizione degli altri cacciatori, le dotazioni da caccia, le zone fangose, i punti di ritrovo, ecc. (ad es. tutto ci\u00f2 che \u00e8 gi\u00e0 stato rilevato sulla mappa dei distretti).<\/p>\n<p>[\/vc_column_text][\/vc_column][vc_column width=&#8221;7\/12&#8243;][vc_single_image image=&#8221;22&#8243; img_size=&#8221;large&#8221;][\/vc_column][\/vc_row]<\/p>","protected":false},"excerpt":{"rendered":"<p>[vc_row][vc_column width=&#8221;5\/12&#8243;][vc_column_text] Opzioni Qui sono disponibili altre opzioni esclusive di HuntersMapp: Hardware HuntersMapp Realt\u00e0 aumentata\u00a0(Augmented Reality) Aumentate, ad esempio, il raggio d\u2019azione della tecnologia Peer to Peer con lo speciale hardware HuntersMapp \u2013 per una comunicazione ottimale fra cacciatori! Nell\u2019immagine live della fotocamera del cellulare, visualizzate la posizione degli altri cacciatori, le dotazioni da caccia, [&hellip;]<\/p>\n","protected":false},"author":4,"featured_media":0,"parent":0,"menu_order":4,"comment_status":"closed","ping_status":"closed","template":"","meta":[],"_links":{"self":[{"href":"https:\/\/huntersmapp.com\/it\/wp-json\/wp\/v2\/pages\/159"}],"collection":[{"href":"https:\/\/huntersmapp.com\/it\/wp-json\/wp\/v2\/pages"}],"about":[{"href":"https:\/\/huntersmapp.com\/it\/wp-json\/wp\/v2\/types\/page"}],"author":[{"embeddable":true,"href":"https:\/\/huntersmapp.com\/it\/wp-json\/wp\/v2\/users\/4"}],"replies":[{"embeddable":true,"href":"https:\/\/huntersmapp.com\/it\/wp-json\/wp\/v2\/comments?post=159"}],"version-history":[{"count":19,"href":"https:\/\/huntersmapp.com\/it\/wp-json\/wp\/v2\/pages\/159\/revisions"}],"predecessor-version":[{"id":1107,"href":"https:\/\/huntersmapp.com\/it\/wp-json\/wp\/v2\/pages\/159\/revisions\/1107"}],"wp:attachment":[{"href":"https:\/\/huntersmapp.com\/it\/wp-json\/wp\/v2\/media?parent=159"}],"curies":[{"name":"wp","href":"https:\/\/api.w.org\/{rel}","templated":true}]}}