{"id":204,"date":"2017-01-26T17:47:27","date_gmt":"2017-01-26T16:47:27","guid":{"rendered":"http:\/\/huntersmapp.com\/?page_id=204"},"modified":"2019-01-04T17:25:05","modified_gmt":"2019-01-04T16:25:05","slug":"entfernungsmesser","status":"publish","type":"page","link":"https:\/\/huntersmapp.com\/it\/revier\/entfernungsmesser\/","title":{"rendered":"Telemetro"},"content":{"rendered":"<p>[vc_row][vc_column width=&#8221;5\/12&#8243;][vc_column_text]<\/p>\n<h1>Telemetro<\/h1>\n<p>Caprioli, cervi o cinghiali: saper valutare con precisione le distanze con reticolo 1, 4 o 7 non \u00e8 mai semplice, nemmeno per i cacciatori pi\u00f9 esperti. La stessa cosa capita quando si tratta di valutare la distanza fra due localit\u00e0.<\/p>\n<p>Il nostro modulo Telemetro \u00e8 pensato in modo specifico per tutti coloro che, nonostante l&#8217;eccellente conoscenza di un distretto, non hanno n\u00e9 tempo n\u00e9 voglia di fare calcoli astrusi!<\/p>\n<h3>Highlight\u00a0del telemetro:<\/h3>\n<p>Misurazione precisa della distanza tra due punti o tra la posizione assunta e l&#8217;animale.<\/p>\n<p><strong>Come funziona il telemetro:<\/strong><\/p>\n<ul>\n<li>Una volta avviato il modulo distretti e scelto il distretto di pertinenza, si aprir\u00e0 una mappa (vista satellitare).<\/li>\n<li>Nella barra dei menu selezionare il simbolo del righello per il telemetro.<\/li>\n<li>Il punto iniziale per la misurazione \u00e8 la posizione corrente (punto blu sulla mappa) che pu\u00f2 essere facilmente spostata altrove con il dito.<\/li>\n<li>Per scegliere il punto finale, basta toccare la posizione desiderata sulla mappa. Il punto finale viene contrassegnato con un puntino rosso.<\/li>\n<li>Al termine della misurazione, si otterr\u00e0 la distanza fra i due punti (linea d\u2019aria) nelle unit\u00e0 di misura dei singoli paesi.<\/li>\n<\/ul>\n<p>[\/vc_column_text][\/vc_column][vc_column width=&#8221;7\/12&#8243;][vc_single_image image=&#8221;596&#8243; img_size=&#8221;large&#8221;][\/vc_column][\/vc_row]<\/p>","protected":false},"excerpt":{"rendered":"<p>[vc_row][vc_column width=&#8221;5\/12&#8243;][vc_column_text] Telemetro Caprioli, cervi o cinghiali: saper valutare con precisione le distanze con reticolo 1, 4 o 7 non \u00e8 mai semplice, nemmeno per i cacciatori pi\u00f9 esperti. La stessa cosa capita quando si tratta di valutare la distanza fra due localit\u00e0. Il nostro modulo Telemetro \u00e8 pensato in modo specifico per tutti coloro [&hellip;]<\/p>\n","protected":false},"author":4,"featured_media":0,"parent":42,"menu_order":5,"comment_status":"closed","ping_status":"closed","template":"","meta":[],"_links":{"self":[{"href":"https:\/\/huntersmapp.com\/it\/wp-json\/wp\/v2\/pages\/204"}],"collection":[{"href":"https:\/\/huntersmapp.com\/it\/wp-json\/wp\/v2\/pages"}],"about":[{"href":"https:\/\/huntersmapp.com\/it\/wp-json\/wp\/v2\/types\/page"}],"author":[{"embeddable":true,"href":"https:\/\/huntersmapp.com\/it\/wp-json\/wp\/v2\/users\/4"}],"replies":[{"embeddable":true,"href":"https:\/\/huntersmapp.com\/it\/wp-json\/wp\/v2\/comments?post=204"}],"version-history":[{"count":27,"href":"https:\/\/huntersmapp.com\/it\/wp-json\/wp\/v2\/pages\/204\/revisions"}],"predecessor-version":[{"id":2099,"href":"https:\/\/huntersmapp.com\/it\/wp-json\/wp\/v2\/pages\/204\/revisions\/2099"}],"up":[{"embeddable":true,"href":"https:\/\/huntersmapp.com\/it\/wp-json\/wp\/v2\/pages\/42"}],"wp:attachment":[{"href":"https:\/\/huntersmapp.com\/it\/wp-json\/wp\/v2\/media?parent=204"}],"curies":[{"name":"wp","href":"https:\/\/api.w.org\/{rel}","templated":true}]}}