{"id":384,"date":"2017-03-01T17:11:27","date_gmt":"2017-03-01T16:11:27","guid":{"rendered":"http:\/\/huntersmapp.com\/?page_id=384"},"modified":"2019-01-28T15:01:03","modified_gmt":"2019-01-28T14:01:03","slug":"nutzungsbedingungen","status":"publish","type":"page","link":"https:\/\/huntersmapp.com\/it\/nutzungsbedingungen\/","title":{"rendered":"Condizioni di utilizzo"},"content":{"rendered":"<p>[vc_row][vc_column][vc_column_text]<\/p>\n<h1>Condizioni di utilizzo di Outlander LB<\/h1>\n<p><strong>\u00a7 1. Utilizzo<\/strong><\/p>\n<p>(1) Outlander LB GmbH, Birketweg 12, 85290 Geisenfeld (di seguito &#8220;Outlander LB&#8221;) gestisce, con la denominazione huntersmapp.com, un sito Internet di informazioni che si occupa dello sviluppo, della produzione e della vendita di articoli e applicazioni per attivit\u00e0 all\u2019aperto destinate a terminali fissi e mobili.<\/p>\n<p>(2) In queste pagine sono disponibili numerose informazioni su queste tematiche.<\/p>\n<p><strong>\u00a7 2. Contatto e registrazione<\/strong><\/p>\n<p>(1) Se, e nella misura in cui, l\u2019utente, nell\u2019ambito della presa di contatto o di un\u2019eventuale registrazione, comunica i propri dati, \u00e8 vincolato a fornire indicazioni chiare e conformi alla verit\u00e0, in particolare in merito alla propria identit\u00e0. In caso di variazione dei dati, darne immediata comunicazione a Outlander LB.<\/p>\n<p>(2) L\u2019eventuale nome utente e password utilizzati per la registrazione devono essere trattati in modo confidenziale e non devono essere resi accessibili a terzi. In caso di infrazione della legge da parte di terzi \u00e8 responsabile l\u2019utente, sempre che abbia a che vedere con la violazione. Qualora il membro venga a conoscenza di un utilizzo non autorizzato dei propri dati di accesso, deve darne immediata comunicazione a Outlander LB.<\/p>\n<p><strong>\u00a7 3. Contributi da parte dei membri<\/strong><\/p>\n<p>(1) Se, e nella misura in cui, Outlander LB offre la possibilit\u00e0 di aggiungere contributi personali (ad es. in un registro), occorre attenersi a quanto riportato nei paragrafi seguenti.<\/p>\n<p>(2) Non esiste alcun diritto a pubblicare un determinato contributo su Outlander LB. Outlander LB si riserva il diritto di cancellare contributi dal proprio sito.<\/p>\n<p>(3) Prima di aggiungere contenuti sul sito, gli utenti devono conoscere le regole di netiquette, ossia le regole da seguire nella comunicazione virtuale. In particolare il membro non \u00e8 autorizzato a caricare i seguenti contenuti: informazioni che invitino altri utenti ad avviare catene di Sant\u2019Antonio o altri messaggi bufala (HOAX); informazioni con mero carattere pubblicitario con finalit\u00e0 commerciali; contributi che mirano a raccogliere o utilizzare informazioni sui consumatori per finalit\u00e0 commerciali; contributi dichiaratamente falsi, lesivi, sprezzanti, diffamatori, immorali o pornografici ovvero che costituiscano una fattispecie di reato; contributi che danneggino o compromettano altri utenti di Outlander LB con virus o programmi simili; contributi che violino i diritti di terzi, ad es. diritti d\u2019autore, sul brevetto e sul marchio. I membri devono assicurarsi di disporre dei diritti necessari per la pubblicazione dei contenuti.<\/p>\n<p><strong>\u00a7 4. Responsabilit\u00e0 di Outlander LB<\/strong><\/p>\n<p>(1) L\u2019utente \u00e8 personalmente responsabile dei contenuti che pubblica. Outlander LB non intende fare proprie le affermazioni espresse nei contributi e declina quindi qualsiasi responsabilit\u00e0 in merito alla loro correttezza.<\/p>\n<p>(2) Nell\u2019ambito della propria responsabilit\u00e0 legale, Outlander LB \u00e8 responsabile nei confronti di terzi solo nella misura in cui Outlander LB fosse a conoscenza di tali contenuti e fintanto che la cancellazione dei contenuti da parte di Outlander LB fosse tecnicamente possibile e auspicabile.<\/p>\n<p><strong>\u00a7 5. Tutela dei dati<\/strong><\/p>\n<p>Valgono le disposizioni di Outlander LB in materiale di tutela dei dati.<\/p>\n<p><strong>\u00a7 6. Diritto d\u2019autore<\/strong><\/p>\n<p>I contenuti e le opere presenti sul sito di Outlander LB sono soggetti alla protezione del diritto d\u2019autore ai sensi della legge tedesca. Ogni utilizzo, riproduzione, elaborazione e diffusione devono essere approvati dal titolare dei diritti.<\/p>\n<p><strong>\u00a7 7. Responsabilit\u00e0<\/strong><\/p>\n<p>(1) Per negligenze lievi, Outlander LB \u00e8 responsabile solo in caso di violazione degli obblighi fondamentali e limitatamente ai danni prevedibili. Tale limitazione non vale nel caso in cui la violazione leda il diritto alla vita e alla salute o il principio di responsabilit\u00e0 previsto dalla legge.<\/p>\n<p>(2) \u00c8 esclusa la responsabilit\u00e0 personale dei rappresentanti legali, degli agente o degli addetti di Outlander LB per i danni da essi causati per negligenza lieve.<\/p>\n<p>(3) Outlander LB declina ogni responsabilit\u00e0 per la correttezza delle informazioni sui prodotti e i servizi rappresentati nei messaggi pubblicitari all\u2019interno di banner e simili.<\/p>\n<p><strong>\u00a7 8. Diritto applicabile, foro competente<\/strong><\/p>\n<p>(1) L\u2019utilizzo del sito di Outlander LB \u00e8 soggetto esclusivamente al diritto della Repubblica Federale di Germania.<\/p>\n<p>(2) Se l\u2019utente \u00e8 un commerciante, una persona giuridica soggetta a diritto pubblico o organismo sociale di diritto pubblico, il foro esclusivo competente per tutte le controversie derivanti dal presente contratto \u00e8 la sede commerciale di Outlander LB. Lo stesso vale anche se l\u2019utente ha la propria sede al di fuori del territorio nazionale della Repubblica Federale di Germania ovvero se la sede o la residenza abituale non sono note al momento della citazione. Rimane salva la facolt\u00e0 di rivolgersi al tribunale di un altro foro competente.[\/vc_column_text][\/vc_column][\/vc_row]<\/p>","protected":false},"excerpt":{"rendered":"<p>[vc_row][vc_column][vc_column_text] Condizioni di utilizzo di Outlander LB \u00a7 1. Utilizzo (1) Outlander LB GmbH, Birketweg 12, 85290 Geisenfeld (di seguito &#8220;Outlander LB&#8221;) gestisce, con la denominazione huntersmapp.com, un sito Internet di informazioni che si occupa dello sviluppo, della produzione e della vendita di articoli e applicazioni per attivit\u00e0 all\u2019aperto destinate a terminali fissi e mobili. [&hellip;]<\/p>\n","protected":false},"author":4,"featured_media":0,"parent":0,"menu_order":0,"comment_status":"closed","ping_status":"closed","template":"","meta":[],"_links":{"self":[{"href":"https:\/\/huntersmapp.com\/it\/wp-json\/wp\/v2\/pages\/384"}],"collection":[{"href":"https:\/\/huntersmapp.com\/it\/wp-json\/wp\/v2\/pages"}],"about":[{"href":"https:\/\/huntersmapp.com\/it\/wp-json\/wp\/v2\/types\/page"}],"author":[{"embeddable":true,"href":"https:\/\/huntersmapp.com\/it\/wp-json\/wp\/v2\/users\/4"}],"replies":[{"embeddable":true,"href":"https:\/\/huntersmapp.com\/it\/wp-json\/wp\/v2\/comments?post=384"}],"version-history":[{"count":17,"href":"https:\/\/huntersmapp.com\/it\/wp-json\/wp\/v2\/pages\/384\/revisions"}],"predecessor-version":[{"id":2140,"href":"https:\/\/huntersmapp.com\/it\/wp-json\/wp\/v2\/pages\/384\/revisions\/2140"}],"wp:attachment":[{"href":"https:\/\/huntersmapp.com\/it\/wp-json\/wp\/v2\/media?parent=384"}],"curies":[{"name":"wp","href":"https:\/\/api.w.org\/{rel}","templated":true}]}}