{"id":556,"date":"2017-05-13T10:27:46","date_gmt":"2017-05-13T08:27:46","guid":{"rendered":"http:\/\/huntersmapp.com\/?page_id=556"},"modified":"2017-05-13T12:27:19","modified_gmt":"2017-05-13T10:27:19","slug":"agb","status":"publish","type":"page","link":"https:\/\/huntersmapp.com\/it\/agb\/","title":{"rendered":"CGC"},"content":{"rendered":"<p>[vc_row][vc_column][vc_column_text]<\/p>\n<h1>Condizioni generali di contratto (CGC)<br \/>\nHuntersMapp<\/h1>\n<p>&nbsp;<\/p>\n<p><strong>\u00a7 1. Ambito di applicazione e definizioni, conclusione del contratto<\/strong><\/p>\n<p>(1) Outlander LB GmbH, Birketweg 12, 85290 Geisenfeld (di seguito denominata anche &#8220;Fornitore&#8221;), gestisce applicazioni per cellulare (di seguito denominate &#8220;App&#8221;) destinate a consumatori e aziende (di seguito denominati &#8220;Clienti&#8221;). Tali App contengono informazioni, servizi ed eventuali altre prestazioni (di seguito denominate &#8220;Prestazioni&#8221;).<\/p>\n<p>(2) Il fornitore fornisce le prestazioni sulla base delle seguenti Condizioni Generali di Contratto, a meno che diversamente specificato.<\/p>\n<p>(3) Oggetto delle prestazioni \u00e8 altres\u00ec la fornitura di informazioni. Le informazioni fornite sono in parte informazioni di terzi. Se, e nella misura in cui, vengono fornite prestazioni di terzi, per tali prestazioni potrebbero valere condizioni commerciali integrative o differenti.<\/p>\n<p>(4) Il contratto relativo alle App del fornitore viene di norma stipulato attraverso l\u2019App Store, gestito da terzi; la conclusione del contratto avviene secondo le regole del rispettivo App Store.<\/p>\n<p><strong>\u00a7 2. Obblighi contrattuali, diritti d\u2019uso<\/strong><\/p>\n<p>(1) Se la App viene fornita a pagamento, con la stipula del contratto il cliente \u00e8 vincolato al pagamento al fornitore. A meno che diversamente specificato, l\u2019addebito avviene attraverso l\u2019App Store.<\/p>\n<p>(2) Il fornitore fornisce agli utenti un diritto d\u2019uso semplice, illimitato nello spazio e nel tempo delle prestazioni e delle informazioni disponibili. Non \u00e8 consentito un utilizzo che vada al di l\u00e0 dell\u2019uso a fini personali, in particolare un uso commerciale delle informazioni; questo vale anche per una valutazione commerciale.<\/p>\n<p>(3) Al cliente viene eventualmente concesso un diritto d\u2019uso limitato in relazione alle prestazioni e alle informazioni che si basano o che riproducono opere di terzi. In caso di utilizzo di queste prestazioni e informazioni, attenersi anche alle condizioni di licenza previste dai terzi in questione.<\/p>\n<p>(4) Se il cliente mette a disposizione informazioni nell\u2019ambito dell\u2019utilizzo di una App e tali informazioni devono essere rese di pubblico dominio a norma di legge, al fornitore deve essere concesso il seguente diritto d&#8217;uso: attraverso l&#8217;aggiunta di informazioni, il cliente concede al fornitore, a titolo gratuito e limitatamente alla durata della registrazione delle informazioni, il diritto illimitato nello spazio, irrevocabile e non esclusivo, di utilizzare, elaborare, pubblicare e diffondere a livello mondiale tali informazioni; il fornitore \u00e8 autorizzato a cedere sub licenze.<\/p>\n<p><strong>\u00a7 3. Diritto di recesso, informazioni al Cliente<\/strong><\/p>\n<p>(1) Stipulando, come consumatore, un contratto con il fornitore, viene concesso un diritto di recesso ai sensi della seguente disposizione. Consumatore \u00e8 ogni persona fisica che conclude un negozio giuridico per un fine che non pu\u00f2 essere ricondotto n\u00e9 alla attivit\u00e0 imprenditoriale n\u00e9 alla sua attivit\u00e0 libero professionale.<\/p>\n<p>(2)Modalit\u00e0 di recesso<\/p>\n<p>Diritto di recesso<br \/>\nIl consumatore ha il diritto di recedere dal contratto entro il termine di quattordici giorni senza necessit\u00e0 di spiegarne le ragioni. Il termine per invocare il recesso \u00e8 di quattordici giorni dalla conclusione del contratto. Per esercitare il diritto di recesso, il consumatore \u00e8 tenuto a informarci (Outlander LB GmbH, Birketweg 12, 85290 Geisenfeld, Info@Outlander-LB.com, 08452-7338620) della sua decisione di recedere dal presente contratto tramite una dichiarazione esplicita (ad esempio lettera inviata per posta, fax o posta elettronica). A tale fine pu\u00f2 utilizzare il modulo tipo di recesso allegato, ma non \u00e8 obbligatorio. Il periodo di recesso si considera rispettato se la notifica del recesso \u00e8 inviata prima della sua scadenza.<\/p>\n<p>Effetti del recesso<br \/>\nSe il consumatore recede dal presente contratto, gli saranno rimborsati tutti i pagamenti che ha effettuato a nostro favore, compresi i costi di consegna (ad eccezione dei costi supplementari derivanti dalla Sua eventuale scelta di un tipo di consegna diverso dal tipo meno costoso di consegna standard da noi offerto), senza indebito ritardo e in ogni caso non oltre quattordici giorni dal giorno in cui siamo informati della Sua decisione di recedere dal presente contratto. Detti rimborsi saranno effettuati utilizzando lo stesso mezzo di pagamento usato dal consumatore per la transazione iniziale, salvo che non sia stato espressamente convenuto altrimenti. Il rimborso pu\u00f2 essere sospeso fino al ricevimento dei beni oppure fino all&#8217;avvenuta dimostrazione da parte del consumatore di aver rispedito i beni, se precedente.<\/p>\n<p>\u00c8 pregato di rispedire i beni o di consegnarli a noi, senza indebiti ritardi e in ogni caso entro quattordici giorni dal giorno in cui ci ha comunicato il suo recesso dal presente contratto. Il termine \u00e8 rispettato se il Consumatore rispedisce i beni prima della scadenza del periodo di quattordici giorni. I costi diretti della restituzione dei beni saranno a Suo carico. Il consumatore \u00e8 responsabile solo della diminuzione del valore dei beni risultante da una manipolazione del bene diversa da quella necessaria per stabilire la natura, le caratteristiche e il funzionamento dei beni.<\/p>\n<p>Se il consumatore ha chiesto di iniziare la prestazione di servizi, \u00e8 tenuto a pagarci un importo proporzionale a quanto fornito fino al momento in cui Lei ci ha comunicato il Suo recesso dal presente contratto, rispetto a tutte le prestazioni previste dal contratto.<\/p>\n<p>Eccezioni al diritto di recesso<br \/>\nIl diritto di recesso \u00e8 escluso relativamente ai contratti di servizi dopo la completa prestazione del servizio se l\u2019esecuzione \u00e8 iniziata con l\u2019accordo espresso del consumatore e con accettazione della perdita del diritto di recesso a seguito della piena esecuzione del contratto da parte nostra.<\/p>\n<p>Il diritto di recesso \u00e8 escluso relativamente ai contratti di fornitura di contenuti digitali su supporto durevole se l\u2019esecuzione del contratto \u00e8 gi\u00e0 iniziata con 1. l\u2019accordo espresso del consumatore in merito all\u2019esecuzione del contratto prima della scadenza del termine di recesso 2. con accettazione della perdita del diritto di recesso a seguito della piena esecuzione del contratto da parte nostra.<br \/>\nModulo tipo di recesso<br \/>\nPer esercitare il diritto di recesso dal contratto, \u00e8 richiesta la compilazione del presente modulo e il suo successivo invio.<\/p>\n<p>Ad Outlander LB GmbH, Birketweg 12, 85290 Geisenfeld, Info@Outlander-LB.com<\/p>\n<p>Con la presente intendo\/intendiamo (*) recedere dal contratto da me\/noi (*) stipulato in relazione all\u2019acquisto dei seguenti beni (*)\/la fornitura dei seguenti servizi (*)<\/p>\n<p>Data ordine (*)\/Data ricezione (*)<\/p>\n<p>Nome del\/dei consumatore\/i<\/p>\n<p>Indirizzo del\/dei consumatore\/i<\/p>\n<p>Firma del\/dei consumatore\/i (solo in caso di notifica cartacea)<br \/>\nData<br \/>\n(*) Cancellare la dicitura non pertinente.<\/p>\n<p>(3) Il contratto \u00e8 redatto in lingua italiana. Il testo del contratto non viene archiviato dal fornitore e non \u00e8 quindi accessibile al cliente nemmeno in un momento successivo.<\/p>\n<p><strong>\u00a7 4. Responsabilit\u00e0 del cliente<\/strong><\/p>\n<p>(1) Il cliente \u00e8 tenuto ad escludere l\u2018accesso all\u2019App da parte di terzi; in caso contrario, il cliente \u00e8 responsabile per ogni utilizzo dei servizi da parte di un terzo, se tale azione \u00e8 imputabile al cliente.<\/p>\n<p>(2) Ogni cliente \u00e8 personalmente responsabile dei contenuti (dati, testi, foto, ecc.) che vengono trasmessi o pubblicati all\u2019interno di una App; il Fornitore non li fa propri e non controlla i contenuti prima della pubblicazione o della trasmissione. Il cliente deve assicurarsi di non ledere le leggi vigenti n\u00e9 i diritti di terzi attraverso i contenuti che inserisce. \u00c8 preferibile evitare contenuti dichiaratamente illeciti, lesivi, perseguibili, razzisti o ugualmente disdicevoli.<\/p>\n<p>(3) Il cliente \u00e8 vincolato a liberare il fornitore da qualsiasi pretesa da parte di terzi derivante da un suo utilizzo inappropriato. L\u2019esenzione riguarda anche le spese legali e processuali.<\/p>\n<p><strong>\u00a7 5. Rescissione e risoluzione<\/strong><\/p>\n<p>(1) Nel caso di un contratto che preveda l\u2019uso a titolo gratuito della App e di altri servizi, il fornitore e il cliente sono autorizzati a rescindere ovvero a risolvere il contratto con effetto immediato e senza indicarne le ragioni, a meno che diversamente convenuto.<\/p>\n<p>(2) Se la App e\/o i servizi che si fondano su di essa sono prestazioni gratuite, sono validi i termini di utilizzo concordati nell\u2019offerta, laddove disponibili. Qualora la App preveda delle prestazioni periodiche verso corrispettivo, il fornitore \u00e8 autorizzato a rescindere dal contratto qualora non sia economicamente auspicabile salvaguardare il servizio tenuto conto degli interessi del cliente. Rimane salva la possibilit\u00e0 di revocare il contratto per un valido motivo.<\/p>\n<p><strong>\u00a7 6. Garanzia<\/strong><\/p>\n<p>(1) In linea di principio l\u2019utilizzo della App avviene a rischio del cliente, a meno che non siano state garantite specifiche propriet\u00e0 di una App.<\/p>\n<p>(2) Il fornitore declina qualsiasi responsabilit\u00e0 in merito alle informazioni che vengono visualizzate in conseguenza dell&#8217;utilizzo della App, se e nella misura in cui tali informazioni siano basate su informazioni di terzi e il fornitore non abbia dubbi in merito all\u2019affidabilit\u00e0 dei terzi ovvero alla correttezza delle informazioni.<\/p>\n<p><strong>\u00a7 7. Responsabilit\u00e0<\/strong><\/p>\n<p>(1) Il fornitore risponde di tutti i danni alla vita, all\u2019integrit\u00e0 fisica e allo stato di salute riconducibili a una violazione colposa o dolosa dei doveri a proprio carico, dei rispettivi rappresentanti legali o persone ausiliarie. Inoltre il fornitore risponde di tutti i danni rientranti nella rispettiva sfera di responsabilit\u00e0 ai sensi delle normative di legge, tra cui la legge tedesca sulla responsabilit\u00e0 del produttore (ProdHaftG). Indipendentemente da questo fatto, il fornitore risponder\u00e0 degli eventuali danni derivanti dalla violazione intenzionale o da dolo da parte sua, dei suoi rappresentanti legali o ausiliari legali.<\/p>\n<p>(2) Per quanto concerne i danni causati da negligenza lieve e che non rientrano nei punti 1 e 2, il fornitore \u00e8 responsabile solo nei casi in cui tale negligenza riguardi la violazione di obblighi contrattuali particolarmente rilevanti per il raggiungimento dell\u2019obiettivo contrattuale e sull\u2019adempimento del quale l\u2019acquirente pu\u00f2 riporre tutta la propria fiducia (obblighi cardinali). In tal caso, tuttavia, la responsabilit\u00e0 nei confronti degli imprenditori \u00e8 limitata ai danni medi diretti, prevedibili e tipici di tali contratti, in modo tale che vengano esclusi in particolare i danni diretti (dovuti ad esempio al mancato ricavo) e gli eventuali danni conseguenti. L\u2019entit\u00e0 del danno nei confronti degli imprenditori in tal caso \u00e8 limitata al valore corrispondente a tre volte il valore della fornitura.<\/p>\n<p>(3) Si esclude un\u2019ulteriore responsabilit\u00e0, indipendentemente dalla natura legale del diritto fatto valere.<\/p>\n<p><strong>\u00a7 8. Tutela dei dati<\/strong><\/p>\n<p>(1) Per poter utilizzare le App e dare attuazione ai contratti potrebbe essere richiesto al cliente di inserire i propri dati personali ovvero renderli accessibili mediante l\u2019uso del cellulare. L\u2019acquisizione di questi dati avviene esclusivamente ai fini della prestazione di servizi da parte del fornitore nonch\u00e9 per finalit\u00e0 di sicurezza del sistema. Il fornitore potrebbe rilevare, archiviare e utilizzare contenuti che l\u2019utente legge o visualizza, impostazioni delle App o indicazioni di luogo (tracking), ma anche nome, indirizzo, numero di cellulare e indirizzo e-mail, se immessi. Viene garantito l\u2019utilizzo anonimo dell\u2019offerta.<\/p>\n<p>(2) I dati personali vengono trasferiti o comunicati a terzi solo se questo risulta necessario per il raggiungimento del fine ovvero previa autorizzazione da parte del cliente. Con la conclusione del contratto e il pagamento del compenso, i dati del cliente vengono cancellati, a meno che il cliente non abbia espressamente acconsentito all&#8217;ulteriore utilizzo dei propri dati ovvero sussista un obbligo di conservazione fiscale e commerciale.<\/p>\n<p>(3) Il fornitore si impegna a garantire e tutelare la privacy del cliente, ad acquisire, elaborare e utilizzare i dati personali nel rispetto della Legge federale sulla protezione dei dati e della Legge sui telemedia, e a elaborarli e utilizzarli esclusivamente per i fini sopra indicati.<\/p>\n<p>(4) Ai sensi della Legge federale sulla tutela dei dati personali, spetta agli interessati il diritto di esercitare i diritti di cancellazione e opposizione. In tal caso, il fornitore comunica, su richiesta, al cliente, per iscritto, se e quali dati personali sono memorizzati presso il fornitore. Se, nonostante tutti i nostri sforzi per garantire la correttezza e l\u2019attualit\u00e0 dei dati, venissero archiviate informazioni non corrette, siamo disponibili a rettificarle su esplicita richiesta.<\/p>\n<p><strong>\u00a7 9. Disposizioni finali<\/strong><\/p>\n<p>(1) Vale il diritto della Repubblica Federale di Germania. Per i consumatori che non stipulano il contratto per scopi professionali o commerciali questa scelta del diritto applicabile vale solo nella misura in cui non venga sottratta la tutela conferita da parte di norme imperative del diritto dello stato in cui il consumatore ha la sua dimora abituale.<\/p>\n<p>(2) Se il cliente \u00e8 un commerciante, una persona giuridica soggetta a diritto pubblico o organismo sociale di diritto pubblico, il foro competente per tutte le controversie derivanti dal presente contratto \u00e8 la sede sociale di Outlander LB. Lo stesso vale anche se il cliente ha la propria sede al di fuori del territorio nazionale della Repubblica Federale di Germania ovvero se la sede o la residenza abituale non sono note al momento della citazione. Rimane salva la facolt\u00e0 di rivolgersi al tribunale di un altro foro competente.[\/vc_column_text][\/vc_column][\/vc_row]<\/p>","protected":false},"excerpt":{"rendered":"<p>[vc_row][vc_column][vc_column_text] Condizioni generali di contratto (CGC) HuntersMapp &nbsp; \u00a7 1. Ambito di applicazione e definizioni, conclusione del contratto (1) Outlander LB GmbH, Birketweg 12, 85290 Geisenfeld (di seguito denominata anche &#8220;Fornitore&#8221;), gestisce applicazioni per cellulare (di seguito denominate &#8220;App&#8221;) destinate a consumatori e aziende (di seguito denominati &#8220;Clienti&#8221;). Tali App contengono informazioni, servizi ed eventuali [&hellip;]<\/p>\n","protected":false},"author":4,"featured_media":0,"parent":0,"menu_order":0,"comment_status":"closed","ping_status":"closed","template":"","meta":[],"_links":{"self":[{"href":"https:\/\/huntersmapp.com\/it\/wp-json\/wp\/v2\/pages\/556"}],"collection":[{"href":"https:\/\/huntersmapp.com\/it\/wp-json\/wp\/v2\/pages"}],"about":[{"href":"https:\/\/huntersmapp.com\/it\/wp-json\/wp\/v2\/types\/page"}],"author":[{"embeddable":true,"href":"https:\/\/huntersmapp.com\/it\/wp-json\/wp\/v2\/users\/4"}],"replies":[{"embeddable":true,"href":"https:\/\/huntersmapp.com\/it\/wp-json\/wp\/v2\/comments?post=556"}],"version-history":[{"count":8,"href":"https:\/\/huntersmapp.com\/it\/wp-json\/wp\/v2\/pages\/556\/revisions"}],"predecessor-version":[{"id":570,"href":"https:\/\/huntersmapp.com\/it\/wp-json\/wp\/v2\/pages\/556\/revisions\/570"}],"wp:attachment":[{"href":"https:\/\/huntersmapp.com\/it\/wp-json\/wp\/v2\/media?parent=556"}],"curies":[{"name":"wp","href":"https:\/\/api.w.org\/{rel}","templated":true}]}}